{"id":691,"date":"2024-09-13T11:37:45","date_gmt":"2024-09-13T11:37:45","guid":{"rendered":"https:\/\/testtorr.no\/index.php\/produkt\/happy-cat-care-adult-light-4kg-2\/"},"modified":"2024-10-20T18:16:21","modified_gmt":"2024-10-20T16:16:21","slug":"happy-cat-care-adult-light-4kg-2","status":"publish","type":"product","link":"https:\/\/xn--trrfor-bya.no\/index.php\/produkt\/happy-cat-care-adult-light-4kg-2\/","title":{"rendered":"Happy Cat Care Adult Light"},"content":{"rendered":"<p>Den smakfulle formelen av Happy Cat Sensitive Light\u00a0med verdifull rosmarin og melketistel\u00a0er spesielt utviklet for katter som har en tendens til \u00e5 v\u00e6re overvektige og for \u00e5 opprettholde den fysiske konstitusjonen. Den tilfredsstillende, fiberrike maten inneholder kun 9 % fett. Kombinasjonen av lett ford\u00f8yelig fj\u00e6rfe og fine urter s\u00f8rger for mer matglede og mer variasjon.<\/p>\n<p><strong>Innhold:<\/strong><br \/>\nFj\u00e6rfeprotein * (26%), maismel, mais, rismel, kj\u00f8ttmel, laksemel (5%), lignocellulose, risprotein *, animalsk fett (inkl. fj\u00e6rfe), hemoglobin, solsikkeolje (1,2%), hydrolysert fisk *, betemasse * (avsukket), t\u00f8rket egg, kaliumklorid, eplerester * (0,4%), gj\u00e6r *, natriumklorid, rapsolje (0,3%), tang *, linfr\u00f8 (0,16%), sikoripulver (0,15%) % = 0,1 % inulin), yucca schidigera * (0,1 %), bl\u00e5skjellkj\u00f8tt * (0,05 %), gj\u00e6r * (ekstrakt, 0,02 % = 0,0032 % MOS), melketistel (0,013 %), artisjokk, l\u00f8vetann, ingef\u00e6r, bj\u00f8rk , brennesle, kamille, koriander, rosmarin (0,013%), salvie, lakris, timian (t\u00f8rkede urter, totalt: 0,16%)<\/p>\n<p><strong>Analyse:<\/strong><br \/>\nR\u00e5protein 36,0 %, r\u00e5fett 9,0 %, r\u00e5fiber 3,5 %, r\u00e5aske 7,0 %, kalsium 1,15 %, fosfor 0,95 %, natrium 0,6 %, kalium 0,6 %, magnesium 0,08 %, Omega-6 fettsyrer 2,5 %. 3 fettsyrer 0,3 %<\/p>\n<p><strong>Tilsetningsstoffer:<\/strong><br \/>\nVitaminer \/ kg:<br \/>\nVitamin A (3a672a) 17000 IE, vitamin D3 (3a671) 1000 IE, vitamin E (all-rac-alfa-tokoferylacetat 3a700) 100 mg, vitamin B1 (tiaminmononitrat 3a821) 4 mg, vitamin B2 (riboflavini) 825 mg , Vitamin B6 (Pyridoksinhydroklorid 3a831) 4 mg, Biotin (3a880) 500 mcg, Calcium D Pantothenate (3a841) 10 mg, Niacin (3a314) 55 mg, Vitamin B12 75 mcg, Vitamin C (natriumfosfas 0 mg 3-fo1-corte) , Kolinklorid (3a890) 60 mg, Taurin (3a370) 1000 mg<br \/>\n<strong>Sporelementer \/ kg:<\/strong><br \/>\nJern (jern (II) sulfat monohydrat 3b103) 105 mg, kobber (kobber (II) sulfat pentahydrat 3b405) 10 mg, sink (sink oksid 3b603 80 mg, sink chelat av aminosyrer, hydrat 25 mg, 060 mg mangan) mangan(II)oksid 3b502) 25 mg, jod (kalsiumjodat, vannfritt 3b202) 2 mg, selen (natriumselenitt 3b801) 0,15 mg, antioksidant, tokoferolekstrakter fra vegetabilske oljer 1b306 (i)<br \/>\n<strong>Aminosyrer \/ kg:<\/strong><br \/>\nDL-Metionin (3c301) 4200 mg.<\/p>\n","protected":false},"excerpt":{"rendered":"<p>Den smakfulle formelen av Happy Cat Sensitive Light\u00a0med verdifull rosmarin og melketistel\u00a0er spesielt utviklet for katter som har en tendens til \u00e5 v\u00e6re overvektige og for \u00e5 opprettholde den fysiske konstitusjonen. Den tilfredsstillende, fiberrike maten inneholder kun 9 % fett. Kombinasjonen av lett ford\u00f8yelig fj\u00e6rfe og fine urter s\u00f8rger for mer matglede og mer variasjon. [&hellip;]<\/p>\n","protected":false},"featured_media":1320,"comment_status":"open","ping_status":"closed","template":"","meta":{"_crdt_document":""},"product_cat":[63,64,65],"product_tag":[30],"class_list":{"0":"post-691","1":"product","2":"type-product","3":"status-publish","4":"has-post-thumbnail","6":"product_cat-katt","7":"product_cat-for","8":"product_cat-torrfor","9":"product_tag-happy-cat","11":"first","12":"outofstock","13":"taxable","14":"shipping-taxable","15":"purchasable","16":"product-type-variable"},"supplier_id":null,"supplier_sku":"","barcode":null,"atum_controlled":true,"out_stock_date":"2024-10-07 19:44:18","out_stock_threshold":null,"inheritable":false,"inbound_stock":0,"stock_on_hold":0,"sold_today":0,"sales_last_days":0,"reserved_stock":0,"customer_returns":0,"warehouse_damage":0,"lost_in_post":0,"other_logs":0,"out_stock_days":557,"lost_sales":0,"has_location":false,"update_date":"2026-04-18T17:36:55","atum_locations":[],"atum_stock_status":"outofstock","restock_status":false,"low_stock_amount":"","sales_update_date":"2026-04-18T17:36:55","calc_backorders":null,"_links":{"self":[{"href":"https:\/\/xn--trrfor-bya.no\/index.php\/wp-json\/wp\/v2\/product\/691","targetHints":{"allow":["GET"]}}],"collection":[{"href":"https:\/\/xn--trrfor-bya.no\/index.php\/wp-json\/wp\/v2\/product"}],"about":[{"href":"https:\/\/xn--trrfor-bya.no\/index.php\/wp-json\/wp\/v2\/types\/product"}],"replies":[{"embeddable":true,"href":"https:\/\/xn--trrfor-bya.no\/index.php\/wp-json\/wp\/v2\/comments?post=691"}],"wp:featuredmedia":[{"embeddable":true,"href":"https:\/\/xn--trrfor-bya.no\/index.php\/wp-json\/wp\/v2\/media\/1320"}],"wp:attachment":[{"href":"https:\/\/xn--trrfor-bya.no\/index.php\/wp-json\/wp\/v2\/media?parent=691"}],"wp:term":[{"taxonomy":"product_cat","embeddable":true,"href":"https:\/\/xn--trrfor-bya.no\/index.php\/wp-json\/wp\/v2\/product_cat?post=691"},{"taxonomy":"product_tag","embeddable":true,"href":"https:\/\/xn--trrfor-bya.no\/index.php\/wp-json\/wp\/v2\/product_tag?post=691"}],"curies":[{"name":"wp","href":"https:\/\/api.w.org\/{rel}","templated":true}]}}