{"id":690,"date":"2024-09-13T11:37:45","date_gmt":"2024-09-13T11:37:45","guid":{"rendered":"https:\/\/testtorr.no\/index.php\/produkt\/happy-cat-vet-adipositas-4kg-vektnedgang-2\/"},"modified":"2024-10-18T19:09:32","modified_gmt":"2024-10-18T19:09:32","slug":"happy-cat-vet-adipositas-4kg-vektnedgang-2","status":"publish","type":"product","link":"https:\/\/xn--trrfor-bya.no\/index.php\/produkt\/happy-cat-vet-adipositas-4kg-vektnedgang-2\/","title":{"rendered":"Happy Cat Vet Adipositas 4Kg (Vektnedgang)"},"content":{"rendered":"<p>\u2022\u00a0H\u00f8yere proteininnhold<br \/>\n\u2022\u00a0Redusert energiinnhold<br \/>\n\u2022\u00a0Tilfredsstillende fiber<br \/>\n\u2022\u00a0Redusere overvekt<br \/>\nFullf\u00f4r for reduksjon av overvekt hos voksne katter.<\/p>\n<p>Happy Cat VET Diet Adipositas t\u00f8rrf\u00f4r gis til overvektige katter. Hovedtrekket ved denne dietten er det sterkt reduserte energiniv\u00e5et som kan hjelpe katten din \u00e5 g\u00e5 ned i vekt. Den er rik p\u00e5 h\u00f8yverdig protein og mettende kostfiber. Den spesielle oppskriften skaper de optimale forholdene for vektreduksjon for \u00e5 beskytte de indre organene, og bidrar til \u00e5 opprettholde og forbedre den fysiske tilstanden. Verdifulle n\u00e6ringsstoffer som hydrolysert kollagen, newzealandske bl\u00e5skjell og glukosamin fullf\u00f8rer denne t\u00f8rrmatoppskriften. Urtene rosmarin og ingef\u00e6r stimulerer ogs\u00e5 stoffskiftet hos lubne katter.<\/p>\n<p>Et forh\u00f8yet fiberinnhold bidrar til \u00e5 opprettholde en langvarig metthetsf\u00f8lelse hos overvektige katter<br \/>\nEt h\u00f8yt niv\u00e5 av lett ford\u00f8yelig protein bidrar til \u00e5 opprettholde muskelstyrken under vektreduksjon<br \/>\nNew Zealand bl\u00e5skjell, glukosamin og hydrolysert kollagen bidrar til god leddfunksjon<br \/>\nFullf\u00f4r til voksne katter for reduksjon av overdreven kroppsvekt. Kun tilgjengelig etter anbefaling fra veterin\u00e6r.<\/p>\n<p><strong>Innhold:<\/strong><br \/>\nFj\u00e6rfeprotein* (23,5 %), bygg, rismel, kj\u00f8ttmel, potetprotein*, lignocellulose, fiskemel, gulr\u00f8tter, linfr\u00f8, solsikkeolje, fj\u00e6rfefett, fiskehydrolysat*, kaliumklorid, rapsolje, gj\u00e6r* (ekstrakt) , hydrolysert kollagen (0,2 %), bl\u00e5skjellkj\u00f8tt* (0,2 %), glukosamin (0,2 %), melketistel, gj\u00e6r*, natriumklorid, yucca schidigera*, sikoripulver, tang*, artisjokk, l\u00f8vetann, ingef\u00e6r (0,003 %) , bj\u00f8rkeblader, brennesle, kamille, koriander, rosmarin (0,003 %), salvie, lakrisrot, timian (totalt t\u00f8rkede produkter fra bearbeiding av urter: 0,13 %)<\/p>\n<p>*) t\u00f8rket; **) t\u00f8rket, delvis hydrolysert<\/p>\n<p><strong>Analyse:<\/strong><br \/>\nR\u00e5protein 41,0 %, r\u00e5fett 7,0 %, r\u00e5fiber 8,0 %, r\u00e5aske 7,0 %, kalsium 0,85 %, fosfor 0,8 %, natrium 0,4 %, kalium 0,8 %, magnesium 0,1 %, omega 6 % fettsyrer, omega 6 fettsyrer. syrer 0,2 %<\/p>\n<p>Energi: ME 3265 kcal\/kg<\/p>\n<p><strong>Tilsetningsstoffer:<br \/>\nVitaminer\/kg:<\/strong><br \/>\nvitamin A (3a672a) 20000 IE, vitamin D3 (3a671) 1000 IE, vitamin E (all-rac-alfa-tokoferylacetat 3a700) 140 mg, vitamin B1 (tiaminmononitrat 3a821) 5 mg, vitamin B2 (riboflavini) 825 mg , vitamin B6 (pyridoksinhydroklorid 3a831) 5 mg, biotin (3a880) 550 mcg, kalsium-d-pantotenat (3a841) 12 mg, niacin (3a314) 60 mg, vitamin B12 80 mcg, taurin (3a840 mg, L 10370 mg) karnitin (3a910) 200 mg, kolinklorid (3a890) 15 mg<\/p>\n<p><strong>Sporelementer\/kg:<\/strong><br \/>\njern (jern(II)sulfatmonohydrat 3b103) 60 mg, kobber (kobber(II)sulfatpentahydrat 3b405) 10 mg, sink (sinkoksid 3b603 70 mg, sinkchelat av aminosyrer hydrat 3b606 mg manganese mg, 810 mg manganese) (II) oksid 3b502) 15 mg, jod (kalsiumjodat, vannfritt 3b202) 1,5 mg, selen (natriumselenitt 3b801) 0,2 mg<\/p>\n<p><strong>Aminosyrer\/kg:<\/strong><br \/>\nDL-metionin (3c301) 4000 mg<\/p>\n<p>Antioksidant, tokoferolrike ekstrakter fra planteoljer 1b306(i)<\/p>\n","protected":false},"excerpt":{"rendered":"<p>\u2022\u00a0H\u00f8yere proteininnhold \u2022\u00a0Redusert energiinnhold \u2022\u00a0Tilfredsstillende fiber \u2022\u00a0Redusere overvekt Fullf\u00f4r for reduksjon av overvekt hos voksne katter. Happy Cat VET Diet Adipositas t\u00f8rrf\u00f4r gis til overvektige katter. Hovedtrekket ved denne dietten er det sterkt reduserte energiniv\u00e5et som kan hjelpe katten din \u00e5 g\u00e5 ned i vekt. Den er rik p\u00e5 h\u00f8yverdig protein og mettende kostfiber. Den [&hellip;]<\/p>\n","protected":false},"featured_media":1295,"comment_status":"open","ping_status":"closed","template":"","meta":{"_crdt_document":""},"product_cat":[63,64,65],"product_tag":[30],"class_list":{"0":"post-690","1":"product","2":"type-product","3":"status-publish","4":"has-post-thumbnail","6":"product_cat-katt","7":"product_cat-for","8":"product_cat-torrfor","9":"product_tag-happy-cat","11":"first","12":"outofstock","13":"taxable","14":"shipping-taxable","15":"purchasable","16":"product-type-simple"},"supplier_id":null,"supplier_sku":"","barcode":null,"atum_controlled":true,"out_stock_date":"2024-10-07 19:44:18","out_stock_threshold":null,"inheritable":false,"inbound_stock":0,"stock_on_hold":0,"sold_today":0,"sales_last_days":0,"reserved_stock":0,"customer_returns":0,"warehouse_damage":0,"lost_in_post":0,"other_logs":0,"out_stock_days":557,"lost_sales":0,"has_location":false,"update_date":"2026-04-18T17:36:55","atum_locations":[],"atum_stock_status":"outofstock","restock_status":false,"low_stock_amount":"","sales_update_date":"2026-04-18T17:36:55","calc_backorders":null,"_links":{"self":[{"href":"https:\/\/xn--trrfor-bya.no\/index.php\/wp-json\/wp\/v2\/product\/690","targetHints":{"allow":["GET"]}}],"collection":[{"href":"https:\/\/xn--trrfor-bya.no\/index.php\/wp-json\/wp\/v2\/product"}],"about":[{"href":"https:\/\/xn--trrfor-bya.no\/index.php\/wp-json\/wp\/v2\/types\/product"}],"replies":[{"embeddable":true,"href":"https:\/\/xn--trrfor-bya.no\/index.php\/wp-json\/wp\/v2\/comments?post=690"}],"wp:featuredmedia":[{"embeddable":true,"href":"https:\/\/xn--trrfor-bya.no\/index.php\/wp-json\/wp\/v2\/media\/1295"}],"wp:attachment":[{"href":"https:\/\/xn--trrfor-bya.no\/index.php\/wp-json\/wp\/v2\/media?parent=690"}],"wp:term":[{"taxonomy":"product_cat","embeddable":true,"href":"https:\/\/xn--trrfor-bya.no\/index.php\/wp-json\/wp\/v2\/product_cat?post=690"},{"taxonomy":"product_tag","embeddable":true,"href":"https:\/\/xn--trrfor-bya.no\/index.php\/wp-json\/wp\/v2\/product_tag?post=690"}],"curies":[{"name":"wp","href":"https:\/\/api.w.org\/{rel}","templated":true}]}}