{"id":685,"date":"2024-09-13T11:37:43","date_gmt":"2024-09-13T11:37:43","guid":{"rendered":"https:\/\/testtorr.no\/index.php\/produkt\/ever-clean-litter-free-paws-6l-2\/"},"modified":"2024-10-08T16:34:21","modified_gmt":"2024-10-08T16:34:21","slug":"ever-clean-litter-free-paws-6l-2","status":"publish","type":"product","link":"https:\/\/xn--trrfor-bya.no\/index.php\/produkt\/ever-clean-litter-free-paws-6l-2\/","title":{"rendered":"Ever Clean Litter Free Paws 6L"},"content":{"rendered":"<p>\u2022 99,9% st\u00f8vfri kattesand med store granuler som klumper, eliminerer lukt av urin, avf\u00f8ring og ammoniakk, ideell for kattunger og langh\u00e5rete katter.<br \/>\u2022 Gir opptil 3 ganger renere* poter og reduserer flekker etter kattunger og katter, for \u00e5 gi et bedre milj\u00f8.<br \/>\u2022 Ever Clean sin egen teknologi med aktivert karbon fjerner od\u00f8rer ved \u00e5 fange og lukke dem inne fremfor \u00e5 maskere dem.<br \/>\u2022 Pote-aktivert duftteknologi frigj\u00f8r godlukt ved behov.<br \/>\u2022 St\u00f8rre granuler reduserer sjansen for at kattesanden setter seg fast i kattunge poter og i pelsen til langh\u00e5rete katter.&nbsp; ,<\/p>\n<p>* Sammenlignet med Ever Clean Total Cover<\/p>\n","protected":false},"excerpt":{"rendered":"<p>\u2022 99,9% st\u00f8vfri kattesand med store granuler som klumper, eliminerer lukt av urin, avf\u00f8ring og ammoniakk, ideell for kattunger og langh\u00e5rete katter.\u2022 Gir opptil 3 ganger renere* poter og reduserer flekker etter kattunger og katter, for \u00e5 gi et bedre milj\u00f8.\u2022 Ever Clean sin egen teknologi med aktivert karbon fjerner od\u00f8rer ved \u00e5 fange og [&hellip;]<\/p>\n","protected":false},"featured_media":0,"comment_status":"open","ping_status":"closed","template":"","meta":{"_crdt_document":""},"product_cat":[63,69,15],"product_tag":[34],"class_list":{"0":"post-685","1":"product","2":"type-product","3":"status-publish","5":"product_cat-katt","6":"product_cat-kattesand","7":"product_cat-ukategorisert","8":"product_tag-ever-clean","10":"first","11":"outofstock","12":"taxable","13":"shipping-taxable","14":"purchasable","15":"product-type-simple"},"supplier_id":null,"supplier_sku":"","barcode":null,"atum_controlled":true,"out_stock_date":"2024-10-08 16:34:21","out_stock_threshold":null,"inheritable":false,"inbound_stock":0,"stock_on_hold":0,"sold_today":0,"sales_last_days":0,"reserved_stock":0,"customer_returns":0,"warehouse_damage":0,"lost_in_post":0,"other_logs":0,"out_stock_days":557,"lost_sales":0,"has_location":false,"update_date":"2026-04-18T17:36:55","atum_locations":[],"atum_stock_status":"outofstock","restock_status":false,"low_stock_amount":"","sales_update_date":"2026-04-18T17:36:55","calc_backorders":null,"_links":{"self":[{"href":"https:\/\/xn--trrfor-bya.no\/index.php\/wp-json\/wp\/v2\/product\/685","targetHints":{"allow":["GET"]}}],"collection":[{"href":"https:\/\/xn--trrfor-bya.no\/index.php\/wp-json\/wp\/v2\/product"}],"about":[{"href":"https:\/\/xn--trrfor-bya.no\/index.php\/wp-json\/wp\/v2\/types\/product"}],"replies":[{"embeddable":true,"href":"https:\/\/xn--trrfor-bya.no\/index.php\/wp-json\/wp\/v2\/comments?post=685"}],"wp:attachment":[{"href":"https:\/\/xn--trrfor-bya.no\/index.php\/wp-json\/wp\/v2\/media?parent=685"}],"wp:term":[{"taxonomy":"product_cat","embeddable":true,"href":"https:\/\/xn--trrfor-bya.no\/index.php\/wp-json\/wp\/v2\/product_cat?post=685"},{"taxonomy":"product_tag","embeddable":true,"href":"https:\/\/xn--trrfor-bya.no\/index.php\/wp-json\/wp\/v2\/product_tag?post=685"}],"curies":[{"name":"wp","href":"https:\/\/api.w.org\/{rel}","templated":true}]}}