{"id":682,"date":"2024-09-13T11:37:43","date_gmt":"2024-09-13T11:37:43","guid":{"rendered":"https:\/\/testtorr.no\/index.php\/produkt\/clever-cat-lavendel-10l-2\/"},"modified":"2024-10-08T16:33:28","modified_gmt":"2024-10-08T16:33:28","slug":"clever-cat-lavendel-10l-2","status":"publish","type":"product","link":"https:\/\/xn--trrfor-bya.no\/index.php\/produkt\/clever-cat-lavendel-10l-2\/","title":{"rendered":"Clever Cat Lavendel 10L"},"content":{"rendered":"<p>Clever Cats kattesand&nbsp;er det ultimate valget for alle katteeiere. Kattesanden&nbsp;inneholder 100% bentonitt, aktivt kull og lavendelduft, noe som skaper en effektiv kombinasjon som reduserer spredning av d\u00e5rlig lukt og bakterier. Dette sikrer at kattens toalett er mer hygienisk og friskt. Denne&nbsp;kattesanden&nbsp;har en h\u00f8y absorpsjonsevne og klumpdannelse, noe som gj\u00f8r det enkelt for katteeieren \u00e5 rense kattedoen. I tillegg er kattesanden 99% st\u00f8vfri.<\/p>\n","protected":false},"excerpt":{"rendered":"<p>Clever Cats kattesand&nbsp;er det ultimate valget for alle katteeiere. Kattesanden&nbsp;inneholder 100% bentonitt, aktivt kull og lavendelduft, noe som skaper en effektiv kombinasjon som reduserer spredning av d\u00e5rlig lukt og bakterier. Dette sikrer at kattens toalett er mer hygienisk og friskt. Denne&nbsp;kattesanden&nbsp;har en h\u00f8y absorpsjonsevne og klumpdannelse, noe som gj\u00f8r det enkelt for katteeieren \u00e5 rense [&hellip;]<\/p>\n","protected":false},"featured_media":0,"comment_status":"open","ping_status":"closed","template":"","meta":{"_crdt_document":""},"product_cat":[63,69,15],"product_tag":[33],"class_list":{"0":"post-682","1":"product","2":"type-product","3":"status-publish","5":"product_cat-katt","6":"product_cat-kattesand","7":"product_cat-ukategorisert","8":"product_tag-clever-cat","10":"first","11":"outofstock","12":"taxable","13":"shipping-taxable","14":"purchasable","15":"product-type-simple"},"supplier_id":null,"supplier_sku":"","barcode":null,"atum_controlled":true,"out_stock_date":null,"out_stock_threshold":null,"inheritable":false,"inbound_stock":0,"stock_on_hold":0,"sold_today":0,"sales_last_days":0,"reserved_stock":0,"customer_returns":0,"warehouse_damage":0,"lost_in_post":0,"other_logs":0,"out_stock_days":0,"lost_sales":0,"has_location":false,"update_date":"2026-04-18T17:36:55","atum_locations":[],"atum_stock_status":"outofstock","restock_status":false,"low_stock_amount":"","sales_update_date":"2026-04-18T17:36:55","calc_backorders":null,"_links":{"self":[{"href":"https:\/\/xn--trrfor-bya.no\/index.php\/wp-json\/wp\/v2\/product\/682","targetHints":{"allow":["GET"]}}],"collection":[{"href":"https:\/\/xn--trrfor-bya.no\/index.php\/wp-json\/wp\/v2\/product"}],"about":[{"href":"https:\/\/xn--trrfor-bya.no\/index.php\/wp-json\/wp\/v2\/types\/product"}],"replies":[{"embeddable":true,"href":"https:\/\/xn--trrfor-bya.no\/index.php\/wp-json\/wp\/v2\/comments?post=682"}],"wp:attachment":[{"href":"https:\/\/xn--trrfor-bya.no\/index.php\/wp-json\/wp\/v2\/media?parent=682"}],"wp:term":[{"taxonomy":"product_cat","embeddable":true,"href":"https:\/\/xn--trrfor-bya.no\/index.php\/wp-json\/wp\/v2\/product_cat?post=682"},{"taxonomy":"product_tag","embeddable":true,"href":"https:\/\/xn--trrfor-bya.no\/index.php\/wp-json\/wp\/v2\/product_tag?post=682"}],"curies":[{"name":"wp","href":"https:\/\/api.w.org\/{rel}","templated":true}]}}