{"id":679,"date":"2024-09-13T11:37:43","date_gmt":"2024-09-13T11:37:43","guid":{"rendered":"https:\/\/testtorr.no\/index.php\/produkt\/berto-m-tak-3i1-2\/"},"modified":"2024-10-06T14:14:22","modified_gmt":"2024-10-06T14:14:22","slug":"berto-m-tak-3i1-2","status":"publish","type":"product","link":"https:\/\/xn--trrfor-bya.no\/index.php\/produkt\/berto-m-tak-3i1-2\/","title":{"rendered":"Berto M\/Tak 3i1"},"content":{"rendered":"<p>Taupe\/Taupe\/Lys Taupe<\/p>\n<p>\u2022 Med aktivt kullfilter<br \/>\u2022&nbsp;2 brett og 1 sil gj\u00f8r den rask og enkel \u00e5 rengj\u00f8re<br \/>\u2022&nbsp;Easy Click-spenner<br \/>\u2022 Erstatningsfilter varenr. 40350<br \/>\u2022 Plast<\/p>\n<p>&nbsp;<\/p>\n<p>M\u00e5l: 59x39x42cm<\/p>\n","protected":false},"excerpt":{"rendered":"<p>Taupe\/Taupe\/Lys Taupe \u2022 Med aktivt kullfilter\u2022&nbsp;2 brett og 1 sil gj\u00f8r den rask og enkel \u00e5 rengj\u00f8re\u2022&nbsp;Easy Click-spenner\u2022 Erstatningsfilter varenr. 40350\u2022 Plast &nbsp; M\u00e5l: 59x39x42cm<\/p>\n","protected":false},"featured_media":0,"comment_status":"open","ping_status":"closed","template":"","meta":{"_crdt_document":""},"product_cat":[15],"product_tag":[],"class_list":{"0":"post-679","1":"product","2":"type-product","3":"status-publish","5":"product_cat-ukategorisert","7":"first","8":"outofstock","9":"taxable","10":"shipping-taxable","11":"purchasable","12":"product-type-simple"},"supplier_id":null,"supplier_sku":"","barcode":null,"atum_controlled":true,"out_stock_date":null,"out_stock_threshold":null,"inheritable":false,"inbound_stock":0,"stock_on_hold":0,"sold_today":0,"sales_last_days":0,"reserved_stock":0,"customer_returns":0,"warehouse_damage":0,"lost_in_post":0,"other_logs":0,"out_stock_days":0,"lost_sales":0,"has_location":false,"update_date":"2026-04-18T17:36:55","atum_locations":[],"atum_stock_status":"outofstock","restock_status":false,"low_stock_amount":"","sales_update_date":"2026-04-18T17:36:55","calc_backorders":null,"_links":{"self":[{"href":"https:\/\/xn--trrfor-bya.no\/index.php\/wp-json\/wp\/v2\/product\/679","targetHints":{"allow":["GET"]}}],"collection":[{"href":"https:\/\/xn--trrfor-bya.no\/index.php\/wp-json\/wp\/v2\/product"}],"about":[{"href":"https:\/\/xn--trrfor-bya.no\/index.php\/wp-json\/wp\/v2\/types\/product"}],"replies":[{"embeddable":true,"href":"https:\/\/xn--trrfor-bya.no\/index.php\/wp-json\/wp\/v2\/comments?post=679"}],"wp:attachment":[{"href":"https:\/\/xn--trrfor-bya.no\/index.php\/wp-json\/wp\/v2\/media?parent=679"}],"wp:term":[{"taxonomy":"product_cat","embeddable":true,"href":"https:\/\/xn--trrfor-bya.no\/index.php\/wp-json\/wp\/v2\/product_cat?post=679"},{"taxonomy":"product_tag","embeddable":true,"href":"https:\/\/xn--trrfor-bya.no\/index.php\/wp-json\/wp\/v2\/product_tag?post=679"}],"curies":[{"name":"wp","href":"https:\/\/api.w.org\/{rel}","templated":true}]}}