{"id":675,"date":"2024-09-13T11:37:42","date_gmt":"2024-09-13T11:37:42","guid":{"rendered":"https:\/\/testtorr.no\/index.php\/produkt\/mountain-retriver-kobbel-2\/"},"modified":"2024-10-20T14:41:20","modified_gmt":"2024-10-20T12:41:20","slug":"mountain-retriver-kobbel-2","status":"publish","type":"product","link":"https:\/\/xn--trrfor-bya.no\/index.php\/produkt\/mountain-retriver-kobbel-2\/","title":{"rendered":"Mountain Retriver kobbel"},"content":{"rendered":"<p>Supre b\u00e5nd \u00e5 ha i sekken n\u00e5r man er med p\u00e5 jakt med hund. En hver hundeier setter pris p\u00e5 at man kan koble hund ettersom dagen g\u00e5r. ja, mange hundeeiere krever faktisk at jaktdeltagere har nettopp dette med seg.<\/p>\n<p>\u2022 Tau, sirkul\u00e6r vevd<\/p>\n<p>\u2022 Reflekterende deler<\/p>\n<p>\u2022 Med trinnl\u00f8st justerbart stopp<\/p>\n","protected":false},"excerpt":{"rendered":"<p>Supre b\u00e5nd \u00e5 ha i sekken n\u00e5r man er med p\u00e5 jakt med hund. En hver hundeier setter pris p\u00e5 at man kan koble hund ettersom dagen g\u00e5r. ja, mange hundeeiere krever faktisk at jaktdeltagere har nettopp dette med seg. \u2022 Tau, sirkul\u00e6r vevd \u2022 Reflekterende deler \u2022 Med trinnl\u00f8st justerbart stopp<\/p>\n","protected":false},"featured_media":190,"comment_status":"open","ping_status":"closed","template":"","meta":{"_crdt_document":""},"product_cat":[22,55,54],"product_tag":[31],"class_list":{"0":"post-675","1":"product","2":"type-product","3":"status-publish","4":"has-post-thumbnail","6":"product_cat-hund","7":"product_cat-kobbelogband","8":"product_cat-salg","9":"product_tag-trixie","11":"first","12":"instock","13":"taxable","14":"shipping-taxable","15":"purchasable","16":"product-type-variable"},"supplier_id":null,"supplier_sku":"","barcode":null,"atum_controlled":true,"out_stock_date":null,"out_stock_threshold":null,"inheritable":true,"inbound_stock":0,"stock_on_hold":0,"sold_today":0,"sales_last_days":0,"reserved_stock":0,"customer_returns":0,"warehouse_damage":0,"lost_in_post":0,"other_logs":0,"out_stock_days":0,"lost_sales":0,"has_location":false,"update_date":"2026-04-18T17:36:55","atum_locations":[],"atum_stock_status":"instock","restock_status":false,"low_stock_amount":"","sales_update_date":"2026-04-18T17:36:55","calc_backorders":null,"_links":{"self":[{"href":"https:\/\/xn--trrfor-bya.no\/index.php\/wp-json\/wp\/v2\/product\/675","targetHints":{"allow":["GET"]}}],"collection":[{"href":"https:\/\/xn--trrfor-bya.no\/index.php\/wp-json\/wp\/v2\/product"}],"about":[{"href":"https:\/\/xn--trrfor-bya.no\/index.php\/wp-json\/wp\/v2\/types\/product"}],"replies":[{"embeddable":true,"href":"https:\/\/xn--trrfor-bya.no\/index.php\/wp-json\/wp\/v2\/comments?post=675"}],"wp:featuredmedia":[{"embeddable":true,"href":"https:\/\/xn--trrfor-bya.no\/index.php\/wp-json\/wp\/v2\/media\/190"}],"wp:attachment":[{"href":"https:\/\/xn--trrfor-bya.no\/index.php\/wp-json\/wp\/v2\/media?parent=675"}],"wp:term":[{"taxonomy":"product_cat","embeddable":true,"href":"https:\/\/xn--trrfor-bya.no\/index.php\/wp-json\/wp\/v2\/product_cat?post=675"},{"taxonomy":"product_tag","embeddable":true,"href":"https:\/\/xn--trrfor-bya.no\/index.php\/wp-json\/wp\/v2\/product_tag?post=675"}],"curies":[{"name":"wp","href":"https:\/\/api.w.org\/{rel}","templated":true}]}}