{"id":667,"date":"2024-09-13T11:37:41","date_gmt":"2024-09-13T11:37:41","guid":{"rendered":"https:\/\/testtorr.no\/index.php\/produkt\/happy-cat-minkas-perfect-mix-2\/"},"modified":"2024-10-20T17:53:14","modified_gmt":"2024-10-20T15:53:14","slug":"happy-cat-minkas-perfect-mix-2","status":"publish","type":"product","link":"https:\/\/xn--trrfor-bya.no\/index.php\/produkt\/happy-cat-minkas-perfect-mix-2\/","title":{"rendered":"Happy Cat Minkas Perfect Mix"},"content":{"rendered":"<p>Happy Cat Minkas Perfect Mix er et spesielt godt balansert komplett f\u00f4r for voksne katter. Med velsmakende fj\u00e6rkre, delikat lam og deilig fisk er dette t\u00f8rrf\u00f4ret en god smaksopplevelse for katten din. Den smakfulle blandingen er godt akseptert og tolereres ekstremt godt. Oppskriften v\u00e5r med sin h\u00f8ye andel av verdifulle animalske proteiner er 100% balansert og naturlig. Dette velsmakende t\u00f8rrf\u00f4ret inneholder mange vitaminer og mineraler som st\u00f8tter immunforsvaret. Og selvf\u00f8lgelig inneholder oppskriftene v\u00e5re ingen kunstige smaker eller konserveringsmidler.<\/p>\n<p>Skjem bort katten din med den fulle, rike smaken av v\u00e5r Minkas Perfect Mix. Denne smakfulle maten er rik p\u00e5 omega 3 og omega 6 fettsyrer for \u00e5 fremme en sunn hud og blank pels.<\/p>\n<p><strong>Viktige fordeler:<\/strong><br \/>\n\u2022\u00a075% animalsk protein *<br \/>\n\u2022\u00a0100% balansert og passende<br \/>\n\u2022\u00a0Ikke tilsatt sukker<br \/>\n\u2022\u00a0Med verdifulle vitaminer<br \/>\n* Av total proteiner<\/p>\n<p><strong>Ingredienser:<\/strong><br \/>\nFj\u00e6rkreprotein ** (27%), hvetemel, mais, hvete, maismel, fj\u00e6rkrefett, fiskemel (3%), lammeprotein * (2,5%), betemasse * (usukret), potetprotein *, hemoglobin * , lignocellulose, solsikkeolje, eple *, natriumklorid, kaliumklorid, rapsolje, yucca schidigera * (0,04%) , * t\u00f8rket, ** t\u00f8rket, delvis hydrolysert<br \/>\n<strong>Tilsetningsstoffer:<\/strong><br \/>\nVitaminer \/ kg: A-vitamin (3a672a) 15000 IE, vitamin D3 (3a671) 1250 IE, vitamin E (all-rac-alfa-tokoferylacetat 3a700) 100 mg, taurin (3a370) 1000 mg, antioksidant: tokoferol-rike ekstrakter fra planteoljer 1b306 (i).<br \/>\n<strong>Analyse:<\/strong><br \/>\nR\u00e5protein 30,0%, r\u00e5fett 12,0%, r\u00e5fiber 2,5%, r\u00e5 aske 7,0%, kalsium 1,3%, fosfor 0,8%, natrium 0,35%, kalium 0,65%, magnesium 0,12%, omega 6 fettsyrer 2,5%, omega 3 fett syrer 0,35%<br \/>\n<strong>Sporstoffer:<\/strong><br \/>\nPr kg:\u00a0 ,Jern (jern (II) sulfat , monohydrat 3b103) 130 mg, kobber (kobber (II) sulfatpentahydrat 3b405) 12 mg, sink (sinkoksyd 3b603) 100 mg, mangan (mangan (II) oksyd , 3b502) 15 mg, jod (kalsiumjodat , vannfri 3b202) 1,5 mg, selen (E8 , natriumselenitt) 0,15 mg<br \/>\n<strong>Aminosyrer \/ kg:\u00a0\u00a0<\/strong><br \/>\nDL metionin (3c301) 4500 mg<\/p>\n<p><strong>F\u00f4ringsveiledning:<\/strong><br \/>\nIdeal vekt,\u00a0 Daglig normalt matbehov (huskatt) &#8211; Daglig \u00f8kt matbehov (utekatt)<br \/>\n2 kg\u00a0 \u00a0 \u00a0 \u00a0 \u00a0 \u00a0 \u00a0 \u00a0 \u00a0 \u00a0 \u00a0 \u00a0 \u00a0 \u00a0 \u00a0 \u00a0 \u00a0 \u00a0\u00a0\u00a035 g\u00a0 \u00a0 \u00a0 \u00a0 \u00a0 \u00a0 \u00a0 \u00a0 \u00a0 \u00a0 \u00a0 \u00a0 \u00a0 \u00a0 \u00a0 \u00a0 \u00a0 \u00a0 \u00a0 \u00a0\u00a040 g<br \/>\n3 kg\u00a0 \u00a0 \u00a0 \u00a0 \u00a0 \u00a0 \u00a0 \u00a0 \u00a0 \u00a0 \u00a0 \u00a0 \u00a0 \u00a0 \u00a0 \u00a0 \u00a0 \u00a0\u00a0\u00a045 g\u00a0 \u00a0 \u00a0 \u00a0 \u00a0 \u00a0 \u00a0 \u00a0 \u00a0 \u00a0 \u00a0 \u00a0 \u00a0 \u00a0 \u00a0 \u00a0 \u00a0 \u00a0 \u00a0 \u00a0\u00a050 g<br \/>\n4 kg\u00a0 \u00a0 \u00a0 \u00a0 \u00a0 \u00a0 \u00a0 \u00a0 \u00a0 \u00a0 \u00a0 \u00a0 \u00a0 \u00a0 \u00a0 \u00a0 \u00a0 \u00a0 \u00a055 g\u00a0 \u00a0 \u00a0 \u00a0 \u00a0 \u00a0 \u00a0 \u00a0 \u00a0 \u00a0 \u00a0 \u00a0 \u00a0 \u00a0 \u00a0 \u00a0 \u00a0 \u00a0 \u00a0 \u00a0\u00a060 g<br \/>\n5 kg\u00a0 \u00a0 \u00a0 \u00a0 \u00a0 \u00a0 \u00a0 \u00a0 \u00a0 \u00a0 \u00a0 \u00a0 \u00a0 \u00a0 \u00a0 \u00a0 \u00a0 \u00a0 \u00a065 g\u00a0 \u00a0 \u00a0 \u00a0 \u00a0 \u00a0 \u00a0 \u00a0 \u00a0 \u00a0 \u00a0 \u00a0 \u00a0 \u00a0 \u00a0 \u00a0 \u00a0 \u00a0 \u00a0 \u00a0\u00a070 g<br \/>\n6 kg\u00a0 \u00a0 \u00a0 \u00a0 \u00a0 \u00a0 \u00a0 \u00a0 \u00a0 \u00a0 \u00a0 \u00a0 \u00a0 \u00a0 \u00a0 \u00a0 \u00a0 \u00a0\u00a0\u00a075 g\u00a0 \u00a0 \u00a0 \u00a0 \u00a0 \u00a0 \u00a0 \u00a0 \u00a0 \u00a0 \u00a0 \u00a0 \u00a0 \u00a0 \u00a0 \u00a0 \u00a0 \u00a0 \u00a0 \u00a0\u00a080 g<br \/>\n7 kg\u00a0 \u00a0 \u00a0 \u00a0 \u00a0 \u00a0 \u00a0 \u00a0 \u00a0 \u00a0 \u00a0 \u00a0 \u00a0 \u00a0 \u00a0 \u00a0 \u00a0 \u00a0\u00a0\u00a080 g\u00a0 \u00a0 \u00a0 \u00a0 \u00a0 \u00a0 \u00a0 \u00a0 \u00a0 \u00a0 \u00a0 \u00a0 \u00a0 \u00a0 \u00a0 \u00a0 \u00a0 \u00a0 \u00a0 \u00a0 90 g<br \/>\n8 kg\u00a0 \u00a0 \u00a0 \u00a0 \u00a0 \u00a0 \u00a0 \u00a0 \u00a0 \u00a0 \u00a0 \u00a0 \u00a0 \u00a0 \u00a0 \u00a0 \u00a0 \u00a0 \u00a090 g\u00a0 \u00a0 \u00a0 \u00a0 \u00a0 \u00a0 \u00a0 \u00a0 \u00a0 \u00a0 \u00a0 \u00a0 \u00a0 \u00a0 \u00a0 \u00a0 \u00a0 \u00a0 \u00a0 \u00a0 95 g<\/p>\n<p>Tilby fersk, rent vann til enhver tid og hold vannsk\u00e5len i litt avstand fra matsk\u00e5len. Individuelle katter har ulike behov, s\u00e5 de oppgitte mengdene kan \u00f8kes eller reduseres med opptil 15%.\u00a0Du b\u00f8r ogs\u00e5 redusere mengden hvis du gir katten din v\u00e5tf\u00f4r eller snacks ogs\u00e5.\u00e5.<\/p>\n","protected":false},"excerpt":{"rendered":"<p>Happy Cat Minkas Perfect Mix er et spesielt godt balansert komplett f\u00f4r for voksne katter. Med velsmakende fj\u00e6rkre, delikat lam og deilig fisk er dette t\u00f8rrf\u00f4ret en god smaksopplevelse for katten din. Den smakfulle blandingen er godt akseptert og tolereres ekstremt godt. Oppskriften v\u00e5r med sin h\u00f8ye andel av verdifulle animalske proteiner er 100% balansert [&hellip;]<\/p>\n","protected":false},"featured_media":1321,"comment_status":"open","ping_status":"closed","template":"","meta":{"_crdt_document":""},"product_cat":[63,64,65,15],"product_tag":[30],"class_list":{"0":"post-667","1":"product","2":"type-product","3":"status-publish","4":"has-post-thumbnail","6":"product_cat-katt","7":"product_cat-for","8":"product_cat-torrfor","9":"product_cat-ukategorisert","10":"product_tag-happy-cat","12":"first","13":"outofstock","14":"taxable","15":"shipping-taxable","16":"product-type-variable"},"supplier_id":null,"supplier_sku":"","barcode":null,"atum_controlled":true,"out_stock_date":"2024-10-07 19:44:18","out_stock_threshold":null,"inheritable":false,"inbound_stock":0,"stock_on_hold":0,"sold_today":0,"sales_last_days":0,"reserved_stock":0,"customer_returns":0,"warehouse_damage":0,"lost_in_post":0,"other_logs":0,"out_stock_days":557,"lost_sales":0,"has_location":false,"update_date":"2026-04-18T17:36:55","atum_locations":[],"atum_stock_status":"outofstock","restock_status":false,"low_stock_amount":"","sales_update_date":"2026-04-18T17:36:55","calc_backorders":null,"_links":{"self":[{"href":"https:\/\/xn--trrfor-bya.no\/index.php\/wp-json\/wp\/v2\/product\/667","targetHints":{"allow":["GET"]}}],"collection":[{"href":"https:\/\/xn--trrfor-bya.no\/index.php\/wp-json\/wp\/v2\/product"}],"about":[{"href":"https:\/\/xn--trrfor-bya.no\/index.php\/wp-json\/wp\/v2\/types\/product"}],"replies":[{"embeddable":true,"href":"https:\/\/xn--trrfor-bya.no\/index.php\/wp-json\/wp\/v2\/comments?post=667"}],"wp:featuredmedia":[{"embeddable":true,"href":"https:\/\/xn--trrfor-bya.no\/index.php\/wp-json\/wp\/v2\/media\/1321"}],"wp:attachment":[{"href":"https:\/\/xn--trrfor-bya.no\/index.php\/wp-json\/wp\/v2\/media?parent=667"}],"wp:term":[{"taxonomy":"product_cat","embeddable":true,"href":"https:\/\/xn--trrfor-bya.no\/index.php\/wp-json\/wp\/v2\/product_cat?post=667"},{"taxonomy":"product_tag","embeddable":true,"href":"https:\/\/xn--trrfor-bya.no\/index.php\/wp-json\/wp\/v2\/product_tag?post=667"}],"curies":[{"name":"wp","href":"https:\/\/api.w.org\/{rel}","templated":true}]}}