{"id":664,"date":"2024-09-13T11:37:41","date_gmt":"2024-09-13T11:37:41","guid":{"rendered":"https:\/\/testtorr.no\/index.php\/produkt\/vetbed-charcoal-100x75cm-2\/"},"modified":"2024-10-06T14:14:21","modified_gmt":"2024-10-06T14:14:21","slug":"vetbed-charcoal-100x75cm-2","status":"publish","type":"product","link":"https:\/\/xn--trrfor-bya.no\/index.php\/produkt\/vetbed-charcoal-100x75cm-2\/","title":{"rendered":"Vetbed Charcoal 100x75cm"},"content":{"rendered":"<p>\u2022 Vaskes normalt p\u00e5 40 grader (kan vaskes opp til 65 grader).<br \/>\u2022 Hunde- og kattesenger med enorm styrke og holdbarhet samtidig som den beholder den luksuri\u00f8se f\u00f8lelsen.<br \/>\u2022 Den kompakte oppbyggingen og suverene varmeegenskapen skiller den fra alle andre hundesenger.<br \/>\u2022 Kan enkelt vaskes i maskin uten forringelse gang etter gang (se instruksjoner).<br \/>\u2022 Hygienisk, ikke-irriterende, ikke allergifremkallende og ikke-giftig.<br \/>\u2022 Holder kj\u00e6ledyrene t\u00f8rre, varme og lykkelige.<br \/>\u2022 Utmerkede dreneringsegenskaper.<br \/>\u2022 Egnet for hjemmet, kontoret, bilen, kennelen, kurven og reisekassen.<br \/>\u2022 Laget i England.<\/p>\n<p>Slitesterkt, hverdagslig hunde- og katteseng med unike egenskaper som passer for dyr i alle livsstadier. Vetbed\u00aes&nbsp;st\u00f8rre motstandskraft, unike dreneringsegenskaper og suverene varmeoppbevaring gj\u00f8r den forskjellig fra alle andre hundesenger p\u00e5 markedet.&nbsp;Egnet for hunder, katter og til og med kaniner.<\/p>\n","protected":false},"excerpt":{"rendered":"<p>\u2022 Vaskes normalt p\u00e5 40 grader (kan vaskes opp til 65 grader).\u2022 Hunde- og kattesenger med enorm styrke og holdbarhet samtidig som den beholder den luksuri\u00f8se f\u00f8lelsen.\u2022 Den kompakte oppbyggingen og suverene varmeegenskapen skiller den fra alle andre hundesenger.\u2022 Kan enkelt vaskes i maskin uten forringelse gang etter gang (se instruksjoner).\u2022 Hygienisk, ikke-irriterende, ikke allergifremkallende [&hellip;]<\/p>\n","protected":false},"featured_media":0,"comment_status":"open","ping_status":"closed","template":"","meta":{"_crdt_document":""},"product_cat":[15],"product_tag":[],"class_list":{"0":"post-664","1":"product","2":"type-product","3":"status-publish","5":"product_cat-ukategorisert","7":"first","8":"outofstock","9":"taxable","10":"shipping-taxable","11":"purchasable","12":"product-type-simple"},"supplier_id":null,"supplier_sku":"","barcode":null,"atum_controlled":true,"out_stock_date":null,"out_stock_threshold":null,"inheritable":false,"inbound_stock":null,"stock_on_hold":0,"sold_today":0,"sales_last_days":0,"reserved_stock":null,"customer_returns":null,"warehouse_damage":null,"lost_in_post":null,"other_logs":null,"out_stock_days":0,"lost_sales":0,"has_location":null,"update_date":"2026-04-18T17:36:55","atum_locations":[],"atum_stock_status":"outofstock","restock_status":false,"low_stock_amount":"","sales_update_date":"2026-04-18T17:36:55","calc_backorders":null,"_links":{"self":[{"href":"https:\/\/xn--trrfor-bya.no\/index.php\/wp-json\/wp\/v2\/product\/664","targetHints":{"allow":["GET"]}}],"collection":[{"href":"https:\/\/xn--trrfor-bya.no\/index.php\/wp-json\/wp\/v2\/product"}],"about":[{"href":"https:\/\/xn--trrfor-bya.no\/index.php\/wp-json\/wp\/v2\/types\/product"}],"replies":[{"embeddable":true,"href":"https:\/\/xn--trrfor-bya.no\/index.php\/wp-json\/wp\/v2\/comments?post=664"}],"wp:attachment":[{"href":"https:\/\/xn--trrfor-bya.no\/index.php\/wp-json\/wp\/v2\/media?parent=664"}],"wp:term":[{"taxonomy":"product_cat","embeddable":true,"href":"https:\/\/xn--trrfor-bya.no\/index.php\/wp-json\/wp\/v2\/product_cat?post=664"},{"taxonomy":"product_tag","embeddable":true,"href":"https:\/\/xn--trrfor-bya.no\/index.php\/wp-json\/wp\/v2\/product_tag?post=664"}],"curies":[{"name":"wp","href":"https:\/\/api.w.org\/{rel}","templated":true}]}}