{"id":659,"date":"2024-09-13T11:37:40","date_gmt":"2024-09-13T11:37:40","guid":{"rendered":"https:\/\/testtorr.no\/index.php\/produkt\/happy-dog-sensible-canada-m-laks-lam-kanin-egg-3\/"},"modified":"2024-10-18T13:22:10","modified_gmt":"2024-10-18T13:22:10","slug":"happy-dog-sensible-canada-m-laks-lam-kanin-egg-3","status":"publish","type":"product","link":"https:\/\/xn--trrfor-bya.no\/index.php\/produkt\/happy-dog-sensible-canada-m-laks-lam-kanin-egg-3\/","title":{"rendered":"Happy Dog Sensible Canada M\/Laks, Lam, Kanin &#038; Egg"},"content":{"rendered":"<p>\u2022 Kornfri formel<\/p>\n<p>\u2022 Balansert utvalg av proteiner<\/p>\n<p>\u2022 For god utholdenhet og kondisjon<\/p>\n<p>\u2022 For aktive hunder<\/p>\n<p>Kornfritt fullf\u00f4r med laks, kanin &amp; lam for aktive hunder.<\/p>\n<p>Gi din kresne hund\u00a0en uts\u00f8kt sammensetning av fin laks, deilig kanin og n\u00e6ringsrikt lam raffinert med glutenfrie poteter, en skikkelig godbit. Laks er rik p\u00e5 essensielle omega-3 og omega-6 fettsyrer, mens kanin gir biologisk verdifullt protein og lam gir mange viktige mineraler. Basert p\u00e5 det unike Happy Dog Natural Life Concept\u00ae, st\u00f8tter newzealandske bl\u00e5skjell leddene og verdifulle omega-3 og omega-6 fettsyrer fra solsikke- og rapsolje s\u00f8rger for en skinnende pels. Den kornfrie og smakfulle oppskriften fra Happy Dog Canada med litt h\u00f8yere energiinnhold er ideell for voksne, aktive firbeinte venner fra 11 kg.<\/p>\n<p><strong>Innhold:<\/strong><\/p>\n<p>Poteter*, laksemel (10%), kaninprotein* (10%), lammeprotein* (10%), fj\u00e6rfefett, potetprotein*, betemelasse* (avsukket), hydrolysert lever, solsikkeolje (1,5%), eplerester*, cellulose, t\u00f8rket hele egg, rapsolje (0,4%), linfr\u00f8, tytteb\u00e6r*, gj\u00e6r*, tang*, bl\u00e5skjellkj\u00f8tt* (0,1%), gj\u00e6r* (ekstrahert), melketistel, yucca schidigera*, artisjokk , l\u00f8vetann, ingef\u00e6r, bj\u00f8rk, brennesle, kamille, koriander, rosmarin, salvie, lakrisrot, timian (totalt t\u00f8rkede urter 0,14%) *) t\u00f8rket<\/p>\n<p><strong>Analyse:<\/strong><\/p>\n<p>R\u00e5protein 25,0 %, r\u00e5fett 14,0 %, r\u00e5fiber 3,5 %, r\u00e5aske 8,0 %, kalsium 1,55 %, fosfor 1,0 %, natrium 0,35 %, kalium 0,85 %, magnesium 0,1 %, omega-3, 0 % fettsyrer, omega-3 fettsyrer 0,3 %<\/p>\n<p><strong>Tilsetningsstoffer:<\/strong><\/p>\n<p>Vitaminer\/kg: vitamin A (3a672a) 15000 IE, vitamin D3 (3a671) 900 IE, vitamin E (all rac-alfa-tokoferylacetat 3a700) 110 mg, vitamin B1 (tiaminmononitrat 3a821) 4 mg, vitamin B3i (vitamin 82 ariboflavini ) 4 mg, vitamin B6 (pyridoksinhydroklorid 3a831) 4 mg, biotin (3a880) 430 mcg, kalsium D-pantotenat (3a841) 10 mg, niacin (3a314) 45 mg, vitamin B12 65 mcg<\/p>\n<p>Sporelementer\/kg: Jern (II) sulfatmonohydrat 3b103) 70 mg, kobber (kobber(II) sulfatpentahydrat 3b405) 13 mg, sink (sinkoksid 3b603) 85 mg, mangan (mangan(II)oksid 3b502) 16 mg, anhydrojodjod 3b202) 1,6 mg, selen (natriumselenitt 3b801) 0,25 mg Antioksidanter, tokoferolekstrakter fra vegetabilske oljer 1b306(i)<\/p>\n","protected":false},"excerpt":{"rendered":"<p>\u2022 Kornfri formel \u2022 Balansert utvalg av proteiner \u2022 For god utholdenhet og kondisjon \u2022 For aktive hunder Kornfritt fullf\u00f4r med laks, kanin &amp; lam for aktive hunder. Gi din kresne hund\u00a0en uts\u00f8kt sammensetning av fin laks, deilig kanin og n\u00e6ringsrikt lam raffinert med glutenfrie poteter, en skikkelig godbit. Laks er rik p\u00e5 essensielle omega-3 [&hellip;]<\/p>\n","protected":false},"featured_media":1084,"comment_status":"open","ping_status":"closed","template":"","meta":{"_crdt_document":""},"product_cat":[22,23],"product_tag":[28],"class_list":{"0":"post-659","1":"product","2":"type-product","3":"status-publish","4":"has-post-thumbnail","6":"product_cat-hund","7":"product_cat-torrfor-hund","8":"product_tag-happy-dog","10":"first","11":"instock","12":"taxable","13":"shipping-taxable","14":"purchasable","15":"product-type-simple"},"supplier_id":null,"supplier_sku":"","barcode":null,"atum_controlled":true,"out_stock_date":null,"out_stock_threshold":null,"inheritable":false,"inbound_stock":0,"stock_on_hold":0,"sold_today":0,"sales_last_days":0,"reserved_stock":0,"customer_returns":0,"warehouse_damage":0,"lost_in_post":0,"other_logs":0,"out_stock_days":0,"lost_sales":0,"has_location":false,"update_date":"2026-04-18T17:36:55","atum_locations":[],"atum_stock_status":"instock","restock_status":false,"low_stock_amount":"","sales_update_date":"2026-04-18T17:36:55","calc_backorders":null,"_links":{"self":[{"href":"https:\/\/xn--trrfor-bya.no\/index.php\/wp-json\/wp\/v2\/product\/659","targetHints":{"allow":["GET"]}}],"collection":[{"href":"https:\/\/xn--trrfor-bya.no\/index.php\/wp-json\/wp\/v2\/product"}],"about":[{"href":"https:\/\/xn--trrfor-bya.no\/index.php\/wp-json\/wp\/v2\/types\/product"}],"replies":[{"embeddable":true,"href":"https:\/\/xn--trrfor-bya.no\/index.php\/wp-json\/wp\/v2\/comments?post=659"}],"wp:featuredmedia":[{"embeddable":true,"href":"https:\/\/xn--trrfor-bya.no\/index.php\/wp-json\/wp\/v2\/media\/1084"}],"wp:attachment":[{"href":"https:\/\/xn--trrfor-bya.no\/index.php\/wp-json\/wp\/v2\/media?parent=659"}],"wp:term":[{"taxonomy":"product_cat","embeddable":true,"href":"https:\/\/xn--trrfor-bya.no\/index.php\/wp-json\/wp\/v2\/product_cat?post=659"},{"taxonomy":"product_tag","embeddable":true,"href":"https:\/\/xn--trrfor-bya.no\/index.php\/wp-json\/wp\/v2\/product_tag?post=659"}],"curies":[{"name":"wp","href":"https:\/\/api.w.org\/{rel}","templated":true}]}}