{"id":565,"date":"2024-09-12T19:12:21","date_gmt":"2024-09-12T19:12:21","guid":{"rendered":"https:\/\/testtorr.no\/index.php\/produkt\/farm-food-he-classic\/"},"modified":"2024-10-06T14:14:23","modified_gmt":"2024-10-06T14:14:23","slug":"farm-food-he-classic","status":"publish","type":"product","link":"https:\/\/xn--trrfor-bya.no\/index.php\/produkt\/farm-food-he-classic\/","title":{"rendered":"Farm Food HE Classic"},"content":{"rendered":"<p>Kaldpresset f\u00f4r for hunder.<\/p>\n<p>Utgangspunktet til Farm Food er at f\u00f4ret skal v\u00e6re egnet til alle hunder uansett alder og tilstand. Dette baseres p\u00e5 at i naturen spiser alle ville dyr i hundefamilien, fra valp til senior, etter behov de samme byttedyrene som er tilgjengelige i \u00f8yeblikket.<\/p>\n<p><strong>F\u00f4rtypene til Farm Food er veldig like. Forskjellen er:<\/strong><\/p>\n<p><strong>Classic:<\/strong>\u00a0Standard f\u00f4r type.<\/p>\n<p><strong>Laks:\u00a0<\/strong>Samme som\u00a0<strong>Classic<\/strong>\u00a0med untak av at linolje er erstattet med lakseolje.<\/p>\n<p><strong>Gluten fri:<\/strong>\u00a0Samme som\u00a0<strong>Laks<\/strong>\u00a0med untak av at hvete er erstattet med sorghum (durra) og ris (Puffet og forveltet).<\/p>\n<p><strong>Sau:<\/strong>\u00a0Samme som\u00a0<strong>Classic<\/strong>\u00a0men med kj\u00f8ttmel fra sau.<\/p>\n<p><strong>Innhold:<\/strong><\/p>\n<p>ford\u00f8yd mais, hemoglobinpulver, ford\u00f8yd hvete, ford\u00f8yd ris, kj\u00f8ttmel, fett fra storfe, mysepulver,<\/p>\n<p>\u00f8lgj\u00e6r, plantebaserte fibrer, kaldpresset solsikkeolje,<\/p>\n<p>mineraler, lecitin, kaldpresset linfr\u00f8olje, inulin, vitaminer og sporstoffer.<\/p>\n<p><strong>Analyse:<\/strong><\/p>\n<p>R\u00e5protein: 23,16%, R\u00e5fett: 14,0%, R\u00e5fiber: 2,0%, R\u00e5aske:\u00a06%, Fuktighet: 8,0%<\/p>\n<p>Kalsium (Ca)1,0%, Fosfor (P)0,8%, Kalium (K)0,6%, Sodium (Na)Maks. 0,2%, Magnesium (Mg)1450 mg\/kg<\/p>\n<p><strong>Tilsetnigsstoffer:<\/strong><\/p>\n<p>E672 Vitamin A (retinol): 15.000 IE. E671 Vitamin D3 (25-dihydroksykalsiferol): 1250IE. Vitamin E: 100mg. Vitamin K: 4mg. Vitamin B1 (tiaminhydroklorid): 13,75mg. E101 Vitamin B2 (riboflavin): 0,12mg. Niacin: 55mg. Vitamin B6 (pyridoksinhydrokorid): 9mg. Vitamin B12 (syanokobolamin): 0,12mg. Vitamin C (askorbinsyre): 200mg. Pantotenisk syre (vitamin B5): 57mg. Biotin (vitamin H): 0,4mg. Folinsyre (vitamin B-9): 10mg. E5 Mangan (mangan(II)oksyd\/-sulfat): 35mg. E4 kobber (kobber (II) sulfat\/-chetlad) 10mg. E6 sink (sinksulfat\/chelat): 150mg. 3b8.10 selen (organisk form CNCM 1-3060): 0,2mg<\/p>\n<p><strong>R\u00e5d om lagring:<\/strong><\/p>\n<p>Farm Food er naturlig f\u00f4r som ikke inneholder kunstige antioksidanter og konserveringsmidler. Best f\u00f8r (ved u\u00e5pnet forpakning): Se stempel. Holdbarhet etter \u00e5pning: 3 m\u00e5neder. Best f\u00f8r: Se stempel. Det er viktig at Food HE oppbevares p\u00e5 et kj\u00f8lig og t\u00f8rt sted hvor det kan \u2018puste\u2019 etter at posen er \u00e5pnet. Oppbevar derfor aldri Farm Food HE i en lukket plastbeholder. Det kan da oppst\u00e5 smaksforandringer p\u00e5 f\u00f4ret. Hunder lukter det mye tidligere enn mennesker.<\/p>\n","protected":false},"excerpt":{"rendered":"<p>Kaldpresset f\u00f4r for hunder. Utgangspunktet til Farm Food er at f\u00f4ret skal v\u00e6re egnet til alle hunder uansett alder og tilstand. Dette baseres p\u00e5 at i naturen spiser alle ville dyr i hundefamilien, fra valp til senior, etter behov de samme byttedyrene som er tilgjengelige i \u00f8yeblikket. F\u00f4rtypene til Farm Food er veldig like. Forskjellen [&hellip;]<\/p>\n","protected":false},"featured_media":209,"comment_status":"open","ping_status":"closed","template":"","meta":{"_crdt_document":""},"product_cat":[25],"product_tag":[],"class_list":{"0":"post-565","1":"product","2":"type-product","3":"status-publish","4":"has-post-thumbnail","6":"product_cat-farm-foods","8":"first","9":"outofstock","10":"taxable","11":"shipping-taxable","12":"purchasable","13":"product-type-variable"},"supplier_id":null,"supplier_sku":"","barcode":null,"atum_controlled":true,"out_stock_date":"2024-09-18 14:42:42","out_stock_threshold":null,"inheritable":true,"inbound_stock":0,"stock_on_hold":0,"sold_today":0,"sales_last_days":0,"reserved_stock":0,"customer_returns":0,"warehouse_damage":0,"lost_in_post":0,"other_logs":0,"out_stock_days":577,"lost_sales":0,"has_location":false,"update_date":"2026-04-18T17:36:55","atum_locations":[],"atum_stock_status":"outofstock","restock_status":false,"low_stock_amount":"","sales_update_date":"2026-04-18T17:36:55","calc_backorders":null,"_links":{"self":[{"href":"https:\/\/xn--trrfor-bya.no\/index.php\/wp-json\/wp\/v2\/product\/565","targetHints":{"allow":["GET"]}}],"collection":[{"href":"https:\/\/xn--trrfor-bya.no\/index.php\/wp-json\/wp\/v2\/product"}],"about":[{"href":"https:\/\/xn--trrfor-bya.no\/index.php\/wp-json\/wp\/v2\/types\/product"}],"replies":[{"embeddable":true,"href":"https:\/\/xn--trrfor-bya.no\/index.php\/wp-json\/wp\/v2\/comments?post=565"}],"wp:featuredmedia":[{"embeddable":true,"href":"https:\/\/xn--trrfor-bya.no\/index.php\/wp-json\/wp\/v2\/media\/209"}],"wp:attachment":[{"href":"https:\/\/xn--trrfor-bya.no\/index.php\/wp-json\/wp\/v2\/media?parent=565"}],"wp:term":[{"taxonomy":"product_cat","embeddable":true,"href":"https:\/\/xn--trrfor-bya.no\/index.php\/wp-json\/wp\/v2\/product_cat?post=565"},{"taxonomy":"product_tag","embeddable":true,"href":"https:\/\/xn--trrfor-bya.no\/index.php\/wp-json\/wp\/v2\/product_tag?post=565"}],"curies":[{"name":"wp","href":"https:\/\/api.w.org\/{rel}","templated":true}]}}