{"id":1442,"date":"2024-10-20T17:59:42","date_gmt":"2024-10-20T15:59:42","guid":{"rendered":"https:\/\/xn--trrfor-bya.no\/?post_type=product&#038;p=1442"},"modified":"2024-10-20T18:47:25","modified_gmt":"2024-10-20T16:47:25","slug":"happy-cat-best-age-senior-lam-4-kg","status":"publish","type":"product","link":"https:\/\/xn--trrfor-bya.no\/index.php\/produkt\/happy-cat-best-age-senior-lam-4-kg\/","title":{"rendered":"Happy Cat Best Age Senior Lam 4 Kg"},"content":{"rendered":"<p class=\"wp-block-paragraph\">\u2022&nbsp;Justert protein og&nbsp;mineralinnhold<br>\u2022&nbsp;Muskel og skjelettst\u00f8tte<br>\u2022&nbsp;Dekker behovene til eldre katter<\/p><p class=\"wp-block-paragraph\"><strong>Innhold:<\/strong><br>Animalsk protein* (fra fj\u00e6rfe 18%), maismel, ris*, mais, poteter*, oljer og fett, grever, risprotein*, lammeprotein* (4%), hydrolysert protein*, lignocellulose, betemelassemasse* ( avsukket), t\u00f8rket hele egg, kaliumklorid, eplerester*, gj\u00e6r*, natriumklorid, gulr\u00f8tter* (0,25 %), sikoripulver (0,15 % = 0,1 % inulin), tang*, linfr\u00f8 (0,12 %), erteflak, r\u00f8dbetepulver, gj\u00e6r* (ekstrahert, 0,055% = 0,008% MOS), bl\u00e5skjellkj\u00f8tt* (0,05%), glukosamin (0,05%), melketistel, artisjokk, l\u00f8vetann, ingef\u00e6r, bj\u00f8rk, brennesle, kamille, koriander (0,006%) , Rosmarin, salvie, lakrisrot, timian (totalt t\u00f8rkede urter: 0,16%)<br>*) t\u00f8rket<\/p><p class=\"wp-block-paragraph\"><strong>Analyse:<\/strong><br>R\u00e5protein 29,0 %, r\u00e5fett 12,0 %, r\u00e5fiber 3,0 %, r\u00e5aske 6,5 %, kalsium 0,8 %, fosfor 0,75 %, natrium 0,45 %, kalium 0,6 %, magnesium 0,09 %, omega-3,0 % fettsyrer, omega-3 fettsyrer 0,3 %<\/p><p class=\"wp-block-paragraph\"><strong>Tilsetningsstoffer:<\/strong><br><strong>Vitamin\/kg:<\/strong><br>Vitamin A (3a672a) 17000 IE, Vitamin D3 (3a671) 930 IE, Vitamin E (all rac-alpha-Tocopherylacetat 3a700) 125 mg, Vitamin B1 (Tiaminmononitrat 3a821) 4 mg, Vitamin B52 (R) 8 Vitamin B52 (R) mg, Vitamin B6 (Pyridoksinhydroklorid 3a831) 4 mg, Biotin (3a880) 485 mcg, Calcium-D-Pantothenat (3a841) 10 mg, Niacin (3a314) 50 mg, Vitamin B12 70 mcg, Vitamin C (Natrium-Fhosatrium-3byal-C-vitamin, 3a841) ) 30 mg, Kolinklorid (3a890) 50 mg, Taurin (3a370) 1000 mg<br><strong>Sporelementer\/kg:<\/strong><br>jern (jern(II)sulfatmonohydrat 3b103) 60 mg, kobber (kobber(II)sulfatpentahydrat 3b405) 12 mg, sink (sinkoksid 3b603 80 mg, aminosyre sinkchelat, hydrat 3b606)1026 mg, mangan (mangan (II) oksid 3b502) 25 mg, jod (kalsiumjodat, vannfritt 3b202) 2,0 mg, selen (natriumselenitt 3b801) 0,15 mg<br><strong>Aminosyrer\/kg:<\/strong><br>DL-Metionin (3c301) 4500 mg<br>Antioksidanter, tokoferolekstrakter fra vegetabilske oljer 1b306(i)<\/p>","protected":false},"excerpt":{"rendered":"<p>\u2022&nbsp;Justert protein og&nbsp;mineralinnhold\u2022&nbsp;Muskel og skjelettst\u00f8tte\u2022&nbsp;Dekker behovene til eldre katter Innhold:Animalsk protein* (fra fj\u00e6rfe 18%), maismel, ris*, mais, poteter*, oljer og fett, grever, risprotein*, lammeprotein* (4%), hydrolysert protein*, lignocellulose, betemelassemasse* ( avsukket), t\u00f8rket hele egg, kaliumklorid, eplerester*, gj\u00e6r*, natriumklorid, gulr\u00f8tter* (0,25 %), sikoripulver (0,15 % = 0,1 % inulin), tang*, linfr\u00f8 (0,12 %), erteflak, r\u00f8dbetepulver, gj\u00e6r* [&hellip;]<\/p>\n","protected":false},"featured_media":1449,"comment_status":"open","ping_status":"closed","template":"","meta":{"_crdt_document":""},"product_cat":[],"product_tag":[],"class_list":{"0":"post-1442","1":"product","2":"type-product","3":"status-publish","4":"has-post-thumbnail","7":"first","8":"instock","9":"taxable","10":"shipping-taxable","11":"product-type-simple"},"supplier_id":null,"supplier_sku":"","barcode":null,"atum_controlled":true,"out_stock_date":null,"out_stock_threshold":null,"inheritable":false,"inbound_stock":null,"stock_on_hold":0,"sold_today":0,"sales_last_days":0,"reserved_stock":null,"customer_returns":null,"warehouse_damage":null,"lost_in_post":null,"other_logs":null,"out_stock_days":0,"lost_sales":0,"has_location":null,"update_date":"2026-04-18T17:36:54","atum_locations":[],"atum_stock_status":"instock","restock_status":false,"low_stock_amount":"","sales_update_date":"2026-04-18T17:36:54","calc_backorders":null,"_links":{"self":[{"href":"https:\/\/xn--trrfor-bya.no\/index.php\/wp-json\/wp\/v2\/product\/1442","targetHints":{"allow":["GET"]}}],"collection":[{"href":"https:\/\/xn--trrfor-bya.no\/index.php\/wp-json\/wp\/v2\/product"}],"about":[{"href":"https:\/\/xn--trrfor-bya.no\/index.php\/wp-json\/wp\/v2\/types\/product"}],"replies":[{"embeddable":true,"href":"https:\/\/xn--trrfor-bya.no\/index.php\/wp-json\/wp\/v2\/comments?post=1442"}],"wp:featuredmedia":[{"embeddable":true,"href":"https:\/\/xn--trrfor-bya.no\/index.php\/wp-json\/wp\/v2\/media\/1449"}],"wp:attachment":[{"href":"https:\/\/xn--trrfor-bya.no\/index.php\/wp-json\/wp\/v2\/media?parent=1442"}],"wp:term":[{"taxonomy":"product_cat","embeddable":true,"href":"https:\/\/xn--trrfor-bya.no\/index.php\/wp-json\/wp\/v2\/product_cat?post=1442"},{"taxonomy":"product_tag","embeddable":true,"href":"https:\/\/xn--trrfor-bya.no\/index.php\/wp-json\/wp\/v2\/product_tag?post=1442"}],"curies":[{"name":"wp","href":"https:\/\/api.w.org\/{rel}","templated":true}]}}