{"id":1434,"date":"2024-10-20T17:43:52","date_gmt":"2024-10-20T15:43:52","guid":{"rendered":"https:\/\/xn--trrfor-bya.no\/?post_type=product&#038;p=1434"},"modified":"2024-10-20T18:22:03","modified_gmt":"2024-10-20T16:22:03","slug":"happy-dog-fit-vital-puppy","status":"publish","type":"product","link":"https:\/\/xn--trrfor-bya.no\/index.php\/produkt\/happy-dog-fit-vital-puppy\/","title":{"rendered":"Happy Dog Fit &amp; Vital Puppy"},"content":{"rendered":"<p class=\"wp-block-paragraph\">\u2022 Balansert utvalg av proteiner<br>\u2022 Glutenfri oppskrift<br>\u2022 H\u00f8yt proteininnhold<br>\u2022 St\u00f8tter immunsystemet<\/p><p class=\"wp-block-paragraph\">Perfekt hundemat for valpen din: fit &amp; vital puppy.<br>I den viktige f\u00f8rste fasen av livet fra den f\u00f8rste til den sjette m\u00e5neden av livet vokser valpen din spesielt intensivt. Den trenger desto mer n\u00e6ringsstoffer for \u00e5 utvikle seg sunt. Med den balanserte valpematen fit &amp; vital Puppy fra Happy Dog st\u00f8tter du den sunne veksten til ditt nye familiemedlem. Det&nbsp;deilige fullf\u00f4ret&nbsp;byr p\u00e5 proteiner fra 5 utvalgte animalske produkter. F\u00f4ret gir ogs\u00e5 valpen mange naturlige n\u00e6ringsstoffer: linfr\u00f8 inneholder omega-3 og omega-6 fettsyrer, som fremmer en skinnende pels og sunn hud. Ingef\u00e6ren i maten styrker immunforsvaret og er, i likhet med det newzealandske bl\u00e5skjellkj\u00f8ttet, bra for valpens ledd. Ideelt sett i hovedvekstfasen.<\/p><p class=\"wp-block-paragraph\">Hvorfor er fit &amp; vital hundef\u00f4r s\u00e5 bra for valper? Balansert utvalg av proteiner fra fj\u00e6rfe, fisk, egg og mer hvetefri formel st\u00f8tter immunforsvaret med ingef\u00e6r og newzealandske bl\u00e5skjell for muskel- og skjelettsystemet<\/p><p class=\"wp-block-paragraph\">N\u00e5r kan jeg gradvis bytte valpef\u00f4ret til f\u00f4r for unge hunder? Din firbeinte f\u00f8lgesvenn vokser spesielt sterkt opp til rundt 6 m\u00e5neders alder. Etter det begynner unghundfasen med moderat vekst. P\u00e5 dette tidspunktet bytter du til et hundef\u00f4r som passer for denne fasen, for eksempel v\u00e5r fit &amp; vital Junior . Venn hunden sakte til det nye f\u00f4ret ved \u00e5 erstatte en st\u00f8rre andel av f\u00f4ret du har matet i l\u00f8pet av flere dager. Dette gj\u00f8r at hundens mage-tarmkanal tilpasser seg godt til endringen.<\/p><p class=\"wp-block-paragraph\">Krokettene v\u00e5re med hull \u2013 for enda bedre ford\u00f8yelse.<br>Krokettene til valpematen er hjerteformede med et hull i midten. P\u00e5 denne m\u00e5ten kan valpen bite gjennom bitene raskere n\u00e5r den spiser og tygge bedre. Den st\u00f8rre overflaten gj\u00f8r at f\u00f4ret brytes optimalt ned av magesaften. Dette st\u00f8tter god ford\u00f8yelse.<\/p><p class=\"wp-block-paragraph\"><strong>Innhold:<\/strong><br>Fj\u00e6rfeprotein* (18 %), maismel, rismel, grever, fj\u00e6rfefett, fiskemel (5 %, hvorav 50 % laksemel), lammeprotein* (4 %), solsikkeolje, betemelassemasse* (avsukket). ), hydrolysert lever, eplerester*, cellulose, rapsolje, kaliumklorid, gj\u00e6r*, natriumklorid, t\u00f8rket hele egg (0,2%), tang*, linfr\u00f8 (0,16%), psylliumskall, bl\u00e5skjellkj\u00f8tt* (0,05%) , yucca schidigera*, gj\u00e6r* (ekstrahert), melketistel, artisjokk, l\u00f8vetann, ingef\u00e6r (0,013%), bj\u00f8rkeblader, brennesle, kamille, koriander, rosmarin, salvie, lakrisrot, timian (totalt t\u00f8rkede urter 0,16%) *) t\u00f8rket<\/p><p class=\"wp-block-paragraph\"><strong>Analyse:<\/strong><br>R\u00e5protein 30,0 %, r\u00e5fett 16,0 %, r\u00e5fiber 3,0 %, r\u00e5aske 7,5 %, kalsium 1,6 %, fosfor 1,0 %, natrium 0,4 %, kalium 0,6 %, magnesium 0,08 %, omega-6 fettsyrer, 4,0 % omega-3 fettsyrer 0,4 %<\/p><p class=\"wp-block-paragraph\"><strong>Tilsetningsstoffer:<\/strong><br>Vitaminer\/kg: vitamin A (3a672a) 17000 IE, vitamin D3 (3a671) 1000 IE, vitamin E (alle rac-alfa-tokoferylacetat 3a700) 125 mg, vitamin B1 (tiaminmononitrat 3a821) 4 mg, 825 vitamin B2i ) 4 mg, vitamin B6 (pyridoksinhydroklorid 3a831) 4 mg, biotin (3a880) 495 mcg, kalsium D-pantotenat (3a841) 10 mg, niacin (3a314) 50 mg, folsyre (3a316) 3 mg, vitamin B1g , vitamin C (natriumkalsiumaskorbylfosfat 3a312) 30 mg, kolinklorid (3a890) 55 mg.<\/p><p class=\"wp-block-paragraph\">Sporelementer\/kg: Jern (jernholdig sulfat, monohydrat 3b103) 65 mg, kobber (kobber(II) sulfat pentahydrat 3b405) 14 mg, sink (sinkoksid 3b603 100 mg, aminosyre sink chelat, hydrat 3b606 25 mg) mangan (II 25 mg) (II oksid 3b502) 30 mg, jod (kalsiumjodat, vannfritt 3b202) 2,5 mg, selen (natriumselenitt 3b801) 0,2 mg. Antioksidanter, tokoferolekstrakter fra vegetabilske oljer 1b306(i)<\/p>","protected":false},"excerpt":{"rendered":"<p>\u2022 Balansert utvalg av proteiner\u2022 Glutenfri oppskrift\u2022 H\u00f8yt proteininnhold\u2022 St\u00f8tter immunsystemet Perfekt hundemat for valpen din: fit &amp; vital puppy.I den viktige f\u00f8rste fasen av livet fra den f\u00f8rste til den sjette m\u00e5neden av livet vokser valpen din spesielt intensivt. Den trenger desto mer n\u00e6ringsstoffer for \u00e5 utvikle seg sunt. Med den balanserte valpematen fit [&hellip;]<\/p>\n","protected":false},"featured_media":1446,"comment_status":"open","ping_status":"closed","template":"","meta":{"_crdt_document":""},"product_cat":[],"product_tag":[],"class_list":{"0":"post-1434","1":"product","2":"type-product","3":"status-publish","4":"has-post-thumbnail","7":"first","8":"instock","9":"taxable","10":"shipping-taxable","11":"purchasable","12":"product-type-variable"},"supplier_id":null,"supplier_sku":"","barcode":null,"atum_controlled":true,"out_stock_date":null,"out_stock_threshold":null,"inheritable":false,"inbound_stock":null,"stock_on_hold":null,"sold_today":null,"sales_last_days":null,"reserved_stock":null,"customer_returns":null,"warehouse_damage":null,"lost_in_post":null,"other_logs":null,"out_stock_days":null,"lost_sales":null,"has_location":null,"update_date":null,"atum_locations":[],"atum_stock_status":"instock","restock_status":false,"low_stock_amount":"","sales_update_date":null,"calc_backorders":null,"_links":{"self":[{"href":"https:\/\/xn--trrfor-bya.no\/index.php\/wp-json\/wp\/v2\/product\/1434","targetHints":{"allow":["GET"]}}],"collection":[{"href":"https:\/\/xn--trrfor-bya.no\/index.php\/wp-json\/wp\/v2\/product"}],"about":[{"href":"https:\/\/xn--trrfor-bya.no\/index.php\/wp-json\/wp\/v2\/types\/product"}],"replies":[{"embeddable":true,"href":"https:\/\/xn--trrfor-bya.no\/index.php\/wp-json\/wp\/v2\/comments?post=1434"}],"wp:featuredmedia":[{"embeddable":true,"href":"https:\/\/xn--trrfor-bya.no\/index.php\/wp-json\/wp\/v2\/media\/1446"}],"wp:attachment":[{"href":"https:\/\/xn--trrfor-bya.no\/index.php\/wp-json\/wp\/v2\/media?parent=1434"}],"wp:term":[{"taxonomy":"product_cat","embeddable":true,"href":"https:\/\/xn--trrfor-bya.no\/index.php\/wp-json\/wp\/v2\/product_cat?post=1434"},{"taxonomy":"product_tag","embeddable":true,"href":"https:\/\/xn--trrfor-bya.no\/index.php\/wp-json\/wp\/v2\/product_tag?post=1434"}],"curies":[{"name":"wp","href":"https:\/\/api.w.org\/{rel}","templated":true}]}}