{"id":1391,"date":"2024-10-20T16:45:30","date_gmt":"2024-10-20T14:45:30","guid":{"rendered":"https:\/\/xn--trrfor-bya.no\/?post_type=product&#038;p=1391"},"modified":"2024-10-20T18:37:09","modified_gmt":"2024-10-20T16:37:09","slug":"provit-apetittvekker-60g","status":"publish","type":"product","link":"https:\/\/xn--trrfor-bya.no\/index.php\/produkt\/provit-apetittvekker-60g\/","title":{"rendered":"PROVIT Apetittvekker 60g"},"content":{"rendered":"<p class=\"wp-block-paragraph\">Provit Appetittvekker er et pulver som enkelt kan drysses over maten til hunden, slik at maten blir enda mer fristende \u00e5 spise. Produktet er fryset\u00f8rket og laget av 100% norsk storfelever og er uten noen form for tilsetningsstoffer. Provit Appetittvekker passer godt til sm\u00e5spiste og matleie hunder. Pulveret kan str\u00f8s over alle typer hundef\u00f4r for \u00e5 \u00f8ke hundens matinteresse og matinntak.&nbsp;<\/p><p class=\"wp-block-paragraph\">Provit Appetittvekker passer ogs\u00e5 veldig godt som en smakstilsetning i vann for \u00e5 \u00f8ke hundens vanninntak, for eksempel etter h\u00f8y fysisk aktivitet eller p\u00e5 varme sommerdager.<\/p><p class=\"wp-block-paragraph\">1-2 gr. Pulver str\u00f8s over maten. Tilsett ca. 1 dl lunket vann og maten er klar for servering.&nbsp;&nbsp;<\/p><p class=\"wp-block-paragraph\"><strong>SAMMENSETNING:<\/strong><br>Fryset\u00f8rket storfelever<\/p><p class=\"wp-block-paragraph\"><strong>N\u00c6RINGSINNHOLD:<\/strong><br>Protein 66%, fett 14%, vann 3%<\/p><p class=\"wp-block-paragraph\"><strong>Om Provit:&nbsp;<\/strong>Provit er et kvalitetsf\u00f4r som kan bidra til bedre helse for hunden din. F\u00f4ret er produsert av overskuddet fra norske kj\u00f8ttr\u00e5varer, ved \u00e5 velge Provit bidrar du dermed ogs\u00e5 i kampen mot matsvinn.&nbsp;<br>Du kan med trygghet og god samvittighet gi hunden din Provit.&nbsp;<\/p>","protected":false},"excerpt":{"rendered":"<p>Provit Appetittvekker er et pulver som enkelt kan drysses over maten til hunden, slik at maten blir enda mer fristende \u00e5 spise. Produktet er fryset\u00f8rket og laget av 100% norsk storfelever og er uten noen form for tilsetningsstoffer. Provit Appetittvekker passer godt til sm\u00e5spiste og matleie hunder. Pulveret kan str\u00f8s over alle typer hundef\u00f4r for [&hellip;]<\/p>\n","protected":false},"featured_media":1408,"comment_status":"open","ping_status":"closed","template":"","meta":{"_crdt_document":""},"product_cat":[22,70,53],"product_tag":[],"class_list":{"0":"post-1391","1":"product","2":"type-product","3":"status-publish","4":"has-post-thumbnail","6":"product_cat-hund","7":"product_cat-hundtorrfor","8":"product_cat-medisinsk-og-tilskudd","10":"first","11":"instock","12":"taxable","13":"shipping-taxable","14":"purchasable","15":"product-type-simple"},"supplier_id":null,"supplier_sku":"","barcode":null,"atum_controlled":true,"out_stock_date":null,"out_stock_threshold":null,"inheritable":false,"inbound_stock":null,"stock_on_hold":0,"sold_today":0,"sales_last_days":0,"reserved_stock":null,"customer_returns":null,"warehouse_damage":null,"lost_in_post":null,"other_logs":null,"out_stock_days":0,"lost_sales":0,"has_location":null,"update_date":"2026-04-18T17:36:54","atum_locations":[],"atum_stock_status":"instock","restock_status":false,"low_stock_amount":"","sales_update_date":"2026-04-18T17:36:54","calc_backorders":null,"_links":{"self":[{"href":"https:\/\/xn--trrfor-bya.no\/index.php\/wp-json\/wp\/v2\/product\/1391","targetHints":{"allow":["GET"]}}],"collection":[{"href":"https:\/\/xn--trrfor-bya.no\/index.php\/wp-json\/wp\/v2\/product"}],"about":[{"href":"https:\/\/xn--trrfor-bya.no\/index.php\/wp-json\/wp\/v2\/types\/product"}],"replies":[{"embeddable":true,"href":"https:\/\/xn--trrfor-bya.no\/index.php\/wp-json\/wp\/v2\/comments?post=1391"}],"wp:featuredmedia":[{"embeddable":true,"href":"https:\/\/xn--trrfor-bya.no\/index.php\/wp-json\/wp\/v2\/media\/1408"}],"wp:attachment":[{"href":"https:\/\/xn--trrfor-bya.no\/index.php\/wp-json\/wp\/v2\/media?parent=1391"}],"wp:term":[{"taxonomy":"product_cat","embeddable":true,"href":"https:\/\/xn--trrfor-bya.no\/index.php\/wp-json\/wp\/v2\/product_cat?post=1391"},{"taxonomy":"product_tag","embeddable":true,"href":"https:\/\/xn--trrfor-bya.no\/index.php\/wp-json\/wp\/v2\/product_tag?post=1391"}],"curies":[{"name":"wp","href":"https:\/\/api.w.org\/{rel}","templated":true}]}}