{"id":1390,"date":"2024-10-20T16:44:29","date_gmt":"2024-10-20T14:44:29","guid":{"rendered":"https:\/\/xn--trrfor-bya.no\/?post_type=product&#038;p=1390"},"modified":"2024-10-20T18:36:41","modified_gmt":"2024-10-20T16:36:41","slug":"garden-bites-fruity-tonya-toothpaste-large-135cm-90g","status":"publish","type":"product","link":"https:\/\/xn--trrfor-bya.no\/index.php\/produkt\/garden-bites-fruity-tonya-toothpaste-large-135cm-90g\/","title":{"rendered":"Garden Bites Fruity Tonya Toothpaste Large 13,5cm 90g"},"content":{"rendered":"<p class=\"wp-block-paragraph\">\u2022 Velsmakende vegetarisk tygg, ideell som en bel\u00f8nning eller en liten matbit.<br>\u2022 Glutenfri: Lett \u00e5 ford\u00f8ye og egnet for hunder med allergi.<br>\u2022 Tannpleie: Den spesielle formen bidrar til \u00e5 massere tannkj\u00f8ttet og rengj\u00f8re tennene under tyggingen.<br>\u2022 Banan, fersken og p\u00e6re<br>\u2022 55% s\u00f8tpotet: rik p\u00e5 vitaminer, kalsium, jern ++.<\/p><p class=\"wp-block-paragraph\">Vegetariske snacksbiter fra duvoplus er den ideelle godbiten eller snacken for hunden din. Garden Bites inneholder ikke mindre enn 55% s\u00f8tpotet. S\u00f8tpoteter er et flott tillegg til hundens diett, fordi de er rike p\u00e5 vitaminer, kalsium og jern. Denne &#8220;Fruit Blast&#8221; -versjonen er beriket med deilig banan, fersken og p\u00e6re, noe som gj\u00f8r den til en ekte fruktf\u00f8lelse for hunden din. Den spesielle formen masserer tannkj\u00f8ttet og renser tennene mens hunden din har det g\u00f8y. Det naturlige mynteekstrakten frisker ogs\u00e5 pusten. Snacks er 100% glutenfrie, noe som gj\u00f8r dem lette \u00e5 ford\u00f8ye og ideelle for hunder med allergi. De attraktive formene gj\u00f8r disse snacksene helt uimotst\u00e5elige!<\/p>","protected":false},"excerpt":{"rendered":"<p>\u2022 Velsmakende vegetarisk tygg, ideell som en bel\u00f8nning eller en liten matbit.\u2022 Glutenfri: Lett \u00e5 ford\u00f8ye og egnet for hunder med allergi.\u2022 Tannpleie: Den spesielle formen bidrar til \u00e5 massere tannkj\u00f8ttet og rengj\u00f8re tennene under tyggingen.\u2022 Banan, fersken og p\u00e6re\u2022 55% s\u00f8tpotet: rik p\u00e5 vitaminer, kalsium, jern ++. Vegetariske snacksbiter fra duvoplus er den ideelle [&hellip;]<\/p>\n","protected":false},"featured_media":1409,"comment_status":"open","ping_status":"closed","template":"","meta":{"_crdt_document":""},"product_cat":[22,26,50],"product_tag":[],"class_list":{"0":"post-1390","1":"product","2":"type-product","3":"status-publish","4":"has-post-thumbnail","6":"product_cat-hund","7":"product_cat-godbiter-og-tygg","8":"product_cat-tygg","10":"first","11":"instock","12":"taxable","13":"shipping-taxable","14":"purchasable","15":"product-type-simple"},"supplier_id":null,"supplier_sku":"","barcode":null,"atum_controlled":true,"out_stock_date":null,"out_stock_threshold":null,"inheritable":false,"inbound_stock":null,"stock_on_hold":0,"sold_today":0,"sales_last_days":0,"reserved_stock":null,"customer_returns":null,"warehouse_damage":null,"lost_in_post":null,"other_logs":null,"out_stock_days":0,"lost_sales":0,"has_location":null,"update_date":"2026-04-18T17:36:54","atum_locations":[],"atum_stock_status":"instock","restock_status":false,"low_stock_amount":"","sales_update_date":"2026-04-18T17:36:54","calc_backorders":null,"_links":{"self":[{"href":"https:\/\/xn--trrfor-bya.no\/index.php\/wp-json\/wp\/v2\/product\/1390","targetHints":{"allow":["GET"]}}],"collection":[{"href":"https:\/\/xn--trrfor-bya.no\/index.php\/wp-json\/wp\/v2\/product"}],"about":[{"href":"https:\/\/xn--trrfor-bya.no\/index.php\/wp-json\/wp\/v2\/types\/product"}],"replies":[{"embeddable":true,"href":"https:\/\/xn--trrfor-bya.no\/index.php\/wp-json\/wp\/v2\/comments?post=1390"}],"wp:featuredmedia":[{"embeddable":true,"href":"https:\/\/xn--trrfor-bya.no\/index.php\/wp-json\/wp\/v2\/media\/1409"}],"wp:attachment":[{"href":"https:\/\/xn--trrfor-bya.no\/index.php\/wp-json\/wp\/v2\/media?parent=1390"}],"wp:term":[{"taxonomy":"product_cat","embeddable":true,"href":"https:\/\/xn--trrfor-bya.no\/index.php\/wp-json\/wp\/v2\/product_cat?post=1390"},{"taxonomy":"product_tag","embeddable":true,"href":"https:\/\/xn--trrfor-bya.no\/index.php\/wp-json\/wp\/v2\/product_tag?post=1390"}],"curies":[{"name":"wp","href":"https:\/\/api.w.org\/{rel}","templated":true}]}}