{"id":1387,"date":"2024-10-20T16:39:14","date_gmt":"2024-10-20T14:39:14","guid":{"rendered":"https:\/\/xn--trrfor-bya.no\/?post_type=product&#038;p=1387"},"modified":"2024-10-20T18:38:38","modified_gmt":"2024-10-20T16:38:38","slug":"halsband-valpesett-15551-17-25cm-s-m-6stk-rod-gronn-gul-lilla-bla-sort","status":"publish","type":"product","link":"https:\/\/xn--trrfor-bya.no\/index.php\/produkt\/halsband-valpesett-15551-17-25cm-s-m-6stk-rod-gronn-gul-lilla-bla-sort\/","title":{"rendered":"Halsb\u00e5nd, Valpesett 15551 17-25cm S\/M 6stk R\u00f8d\/Gr\u00f8nn\/Gul\/Lilla\/Bl\u00e5\/Sort"},"content":{"rendered":"<p class=\"wp-block-paragraph\">\u2022\u00a0Justerbar\u00a0\u00a0<br>\u2022 Med sikkerhetsl\u00e5s<br>\u2022 Fint for \u00e5 skille valper fra hverandre<br>\u2022 Gj\u00f8r det mulig for valper \u00e5 bli vant til halsb\u00e5nd<br>\u2022 Uten D-ring<\/p>","protected":false},"excerpt":{"rendered":"<p>\u2022\u00a0Justerbar\u00a0\u00a0\u2022 Med sikkerhetsl\u00e5s\u2022 Fint for \u00e5 skille valper fra hverandre\u2022 Gj\u00f8r det mulig for valper \u00e5 bli vant til halsb\u00e5nd\u2022 Uten D-ring<\/p>\n","protected":false},"featured_media":1412,"comment_status":"open","ping_status":"closed","template":"","meta":{"_crdt_document":""},"product_cat":[22,55,60],"product_tag":[],"class_list":{"0":"post-1387","1":"product","2":"type-product","3":"status-publish","4":"has-post-thumbnail","6":"product_cat-hund","7":"product_cat-kobbelogband","8":"product_cat-utstyr","10":"first","11":"instock","12":"taxable","13":"shipping-taxable","14":"purchasable","15":"product-type-simple"},"supplier_id":null,"supplier_sku":"","barcode":null,"atum_controlled":true,"out_stock_date":null,"out_stock_threshold":null,"inheritable":false,"inbound_stock":null,"stock_on_hold":0,"sold_today":0,"sales_last_days":0,"reserved_stock":null,"customer_returns":null,"warehouse_damage":null,"lost_in_post":null,"other_logs":null,"out_stock_days":0,"lost_sales":0,"has_location":null,"update_date":"2026-04-18T17:36:54","atum_locations":[],"atum_stock_status":"instock","restock_status":false,"low_stock_amount":"","sales_update_date":"2026-04-18T17:36:54","calc_backorders":null,"_links":{"self":[{"href":"https:\/\/xn--trrfor-bya.no\/index.php\/wp-json\/wp\/v2\/product\/1387","targetHints":{"allow":["GET"]}}],"collection":[{"href":"https:\/\/xn--trrfor-bya.no\/index.php\/wp-json\/wp\/v2\/product"}],"about":[{"href":"https:\/\/xn--trrfor-bya.no\/index.php\/wp-json\/wp\/v2\/types\/product"}],"replies":[{"embeddable":true,"href":"https:\/\/xn--trrfor-bya.no\/index.php\/wp-json\/wp\/v2\/comments?post=1387"}],"wp:featuredmedia":[{"embeddable":true,"href":"https:\/\/xn--trrfor-bya.no\/index.php\/wp-json\/wp\/v2\/media\/1412"}],"wp:attachment":[{"href":"https:\/\/xn--trrfor-bya.no\/index.php\/wp-json\/wp\/v2\/media?parent=1387"}],"wp:term":[{"taxonomy":"product_cat","embeddable":true,"href":"https:\/\/xn--trrfor-bya.no\/index.php\/wp-json\/wp\/v2\/product_cat?post=1387"},{"taxonomy":"product_tag","embeddable":true,"href":"https:\/\/xn--trrfor-bya.no\/index.php\/wp-json\/wp\/v2\/product_tag?post=1387"}],"curies":[{"name":"wp","href":"https:\/\/api.w.org\/{rel}","templated":true}]}}