{"id":1386,"date":"2024-10-20T16:37:24","date_gmt":"2024-10-20T14:37:24","guid":{"rendered":"https:\/\/xn--trrfor-bya.no\/?post_type=product&#038;p=1386"},"modified":"2024-10-20T18:39:02","modified_gmt":"2024-10-20T16:39:02","slug":"happy-cat-pouches-culinary-adult-m-and-85g","status":"publish","type":"product","link":"https:\/\/xn--trrfor-bya.no\/index.php\/produkt\/happy-cat-pouches-culinary-adult-m-and-85g\/","title":{"rendered":"Happy Cat Pouches Culinary Adult M\/And 85g"},"content":{"rendered":"<p class=\"wp-block-paragraph\">\u2022&nbsp;Kornfri formulering<br>\u2022 Ogs\u00e5 for kastrerte\/steriliserte katter<br>\u2022&nbsp;Spesielt velsmakende<br>\u2022&nbsp;St\u00f8tte for urinveiene<\/p><p class=\"wp-block-paragraph\"><strong>Innhold:<\/strong><br>Kj\u00f8tt og innmat (inkludert 30 % fj\u00e6rfe, hvorav 10 % and), derivater av vegetabilsk opprinnelse (inkludert eplefiber 0,3 %), mineraler, fr\u00f8 (inkludert linfr\u00f8 0,03 %), inulin (0,1 %)<\/p><p class=\"wp-block-paragraph\"><strong>Analyse:<\/strong><br>R\u00e5protein 8,0 %, r\u00e5fett 4,5 %, r\u00e5fiber 0,3 %, r\u00e5aske 2,0 %, fuktighet 82,0 %<\/p><p class=\"wp-block-paragraph\"><strong>Tilsetningsstoffer:<\/strong><br><strong>Vitaminer\/kg:<\/strong><br>Vitamin D3 (3a671) 250 IE, vitamin E (3a700i) 15 mg, biotin (3a880) 20 mcg, taurin (3a370) 445 mg<br><strong>Sporelementer\/kg:<\/strong><br>Mangan (3b503) 1 mg, sink (3b605) 15 mg, kobber (3b405) 1 mg<\/p>","protected":false},"excerpt":{"rendered":"<p>\u2022&nbsp;Kornfri formulering\u2022 Ogs\u00e5 for kastrerte\/steriliserte katter\u2022&nbsp;Spesielt velsmakende\u2022&nbsp;St\u00f8tte for urinveiene Innhold:Kj\u00f8tt og innmat (inkludert 30 % fj\u00e6rfe, hvorav 10 % and), derivater av vegetabilsk opprinnelse (inkludert eplefiber 0,3 %), mineraler, fr\u00f8 (inkludert linfr\u00f8 0,03 %), inulin (0,1 %) Analyse:R\u00e5protein 8,0 %, r\u00e5fett 4,5 %, r\u00e5fiber 0,3 %, r\u00e5aske 2,0 %, fuktighet 82,0 % Tilsetningsstoffer:Vitaminer\/kg:Vitamin D3 (3a671) [&hellip;]<\/p>\n","protected":false},"featured_media":1413,"comment_status":"open","ping_status":"closed","template":"","meta":{"_crdt_document":""},"product_cat":[63,66],"product_tag":[],"class_list":{"0":"post-1386","1":"product","2":"type-product","3":"status-publish","4":"has-post-thumbnail","6":"product_cat-katt","7":"product_cat-vatfor-for","9":"first","10":"instock","11":"taxable","12":"shipping-taxable","13":"purchasable","14":"product-type-simple"},"supplier_id":null,"supplier_sku":"","barcode":null,"atum_controlled":true,"out_stock_date":null,"out_stock_threshold":null,"inheritable":false,"inbound_stock":null,"stock_on_hold":0,"sold_today":0,"sales_last_days":0,"reserved_stock":null,"customer_returns":null,"warehouse_damage":null,"lost_in_post":null,"other_logs":null,"out_stock_days":0,"lost_sales":0,"has_location":null,"update_date":"2026-04-18T17:36:54","atum_locations":[],"atum_stock_status":"instock","restock_status":false,"low_stock_amount":"","sales_update_date":"2026-04-18T17:36:54","calc_backorders":null,"_links":{"self":[{"href":"https:\/\/xn--trrfor-bya.no\/index.php\/wp-json\/wp\/v2\/product\/1386","targetHints":{"allow":["GET"]}}],"collection":[{"href":"https:\/\/xn--trrfor-bya.no\/index.php\/wp-json\/wp\/v2\/product"}],"about":[{"href":"https:\/\/xn--trrfor-bya.no\/index.php\/wp-json\/wp\/v2\/types\/product"}],"replies":[{"embeddable":true,"href":"https:\/\/xn--trrfor-bya.no\/index.php\/wp-json\/wp\/v2\/comments?post=1386"}],"wp:featuredmedia":[{"embeddable":true,"href":"https:\/\/xn--trrfor-bya.no\/index.php\/wp-json\/wp\/v2\/media\/1413"}],"wp:attachment":[{"href":"https:\/\/xn--trrfor-bya.no\/index.php\/wp-json\/wp\/v2\/media?parent=1386"}],"wp:term":[{"taxonomy":"product_cat","embeddable":true,"href":"https:\/\/xn--trrfor-bya.no\/index.php\/wp-json\/wp\/v2\/product_cat?post=1386"},{"taxonomy":"product_tag","embeddable":true,"href":"https:\/\/xn--trrfor-bya.no\/index.php\/wp-json\/wp\/v2\/product_tag?post=1386"}],"curies":[{"name":"wp","href":"https:\/\/api.w.org\/{rel}","templated":true}]}}