{"id":1384,"date":"2024-10-20T16:34:22","date_gmt":"2024-10-20T14:34:22","guid":{"rendered":"https:\/\/xn--trrfor-bya.no\/?post_type=product&#038;p=1384"},"modified":"2024-10-20T18:40:34","modified_gmt":"2024-10-20T16:40:34","slug":"happy-dog-boksemat-sensible-pure-montana-m-hest-400g","status":"publish","type":"product","link":"https:\/\/xn--trrfor-bya.no\/index.php\/produkt\/happy-dog-boksemat-sensible-pure-montana-m-hest-400g\/","title":{"rendered":"Happy Dog Boksemat Sensible Pure Montana M\/Hest 400g"},"content":{"rendered":"<p class=\"wp-block-paragraph\">\u2022 100% hest<br>\u2022 Uten korn<br>\u2022 Uten soya<br>\u2022 Spesielt egnet ved f\u00f4r allergier<\/p><p class=\"wp-block-paragraph\">100 % animalsk protein fra hest*<br>Med Happy Dog Sensible Pure Montana&nbsp;h\u00f8ykvalitets boksemat er laget av 100 % verdifullt kj\u00f8tt og innmat, som hjerte, lunger og lever, og inneholder essensielle vitaminer og mineraler. Kj\u00f8tt og innmat kommer utelukkende fra hest*. Premium v\u00e5tf\u00f4ret er naturlig laget uten soya eller andre plantebaserte tilsetningsstoffer. Sensible Pure Montana er ideell for voksne hunder av alle raser og for mating av sensitive hunder med matintoleranse. Den rene boksematen er perfekt for f\u00f4ring alene, s\u00e5 vel som for hjemmelagde godbiter og kan ideelt kombineres med Happy Dog Flocken&nbsp;Mixer. Flocken&nbsp;Mixer er perfekt&nbsp;for et sunt kosthold, viktige kostfibre fra gr\u00f8nnsaker st\u00f8tter ford\u00f8yelsen og karbohydrater fungerer som energileverand\u00f8rer. \u00d8nsker du mer variasjon i menyen til din firbeinte venn, som ellers mates med t\u00f8rrf\u00f4r? Da kan du enkelt bytte ut en del av t\u00f8rrf\u00f4ret med en porsjon v\u00e5tf\u00f4r og dermed sikre nye nytelses\u00f8yeblikk for din kj\u00e6re. Happy Dog Sensible Pure Montana kan ideelt sett kombineres med t\u00f8rrf\u00f4ret Happy Dog Sensible Montana (hest og potet).<\/p><p class=\"wp-block-paragraph\">*) P\u00e5 grunn av produksjonsprosessen kan spor av andre proteiner v\u00e6re inkludert. Fullf\u00f4r til voksne hunder.<\/p><p class=\"wp-block-paragraph\"><strong>Innhold:<\/strong><br>Kj\u00f8tt og animalske biprodukter (70 % &#8211; hestehjerter, hestelunger, hestekj\u00f8tt, hestemage, hestelever)**, mineraler **) P\u00e5 grunn av produksjonsprosessen kan spor av andre proteiner v\u00e6re inkludert. (Oppskriften inneholder 29,8% drikkevann)<\/p><p class=\"wp-block-paragraph\"><strong>Analyse:<\/strong><br>R\u00e5protein 11,6&nbsp;%, r\u00e5fett 5&nbsp;%, r\u00e5aske 2,0 %, r\u00e5fiber 0,4&nbsp;%, fuktighet 79&nbsp;%<\/p><p class=\"wp-block-paragraph\"><strong>Tilsetningsstoffer:<\/strong><br>Vitaminer\/kg: Vitamin D3 (3a671) 200 IE, vitamin E (alle rac-alfa-tokoferylacetat 3a700) 20 mg<\/p>","protected":false},"excerpt":{"rendered":"<p>\u2022 100% hest\u2022 Uten korn\u2022 Uten soya\u2022 Spesielt egnet ved f\u00f4r allergier 100 % animalsk protein fra hest*Med Happy Dog Sensible Pure Montana&nbsp;h\u00f8ykvalitets boksemat er laget av 100 % verdifullt kj\u00f8tt og innmat, som hjerte, lunger og lever, og inneholder essensielle vitaminer og mineraler. Kj\u00f8tt og innmat kommer utelukkende fra hest*. Premium v\u00e5tf\u00f4ret er naturlig [&hellip;]<\/p>\n","protected":false},"featured_media":1414,"comment_status":"open","ping_status":"closed","template":"","meta":{"_crdt_document":""},"product_cat":[22,51],"product_tag":[],"class_list":{"0":"post-1384","1":"product","2":"type-product","3":"status-publish","4":"has-post-thumbnail","6":"product_cat-hund","7":"product_cat-vatfor","9":"first","10":"instock","11":"taxable","12":"shipping-taxable","13":"purchasable","14":"product-type-simple"},"supplier_id":null,"supplier_sku":"","barcode":null,"atum_controlled":true,"out_stock_date":null,"out_stock_threshold":null,"inheritable":false,"inbound_stock":null,"stock_on_hold":0,"sold_today":0,"sales_last_days":0,"reserved_stock":null,"customer_returns":null,"warehouse_damage":null,"lost_in_post":null,"other_logs":null,"out_stock_days":0,"lost_sales":0,"has_location":null,"update_date":"2026-04-18T17:36:54","atum_locations":[],"atum_stock_status":"instock","restock_status":false,"low_stock_amount":"","sales_update_date":"2026-04-18T17:36:54","calc_backorders":null,"_links":{"self":[{"href":"https:\/\/xn--trrfor-bya.no\/index.php\/wp-json\/wp\/v2\/product\/1384","targetHints":{"allow":["GET"]}}],"collection":[{"href":"https:\/\/xn--trrfor-bya.no\/index.php\/wp-json\/wp\/v2\/product"}],"about":[{"href":"https:\/\/xn--trrfor-bya.no\/index.php\/wp-json\/wp\/v2\/types\/product"}],"replies":[{"embeddable":true,"href":"https:\/\/xn--trrfor-bya.no\/index.php\/wp-json\/wp\/v2\/comments?post=1384"}],"wp:featuredmedia":[{"embeddable":true,"href":"https:\/\/xn--trrfor-bya.no\/index.php\/wp-json\/wp\/v2\/media\/1414"}],"wp:attachment":[{"href":"https:\/\/xn--trrfor-bya.no\/index.php\/wp-json\/wp\/v2\/media?parent=1384"}],"wp:term":[{"taxonomy":"product_cat","embeddable":true,"href":"https:\/\/xn--trrfor-bya.no\/index.php\/wp-json\/wp\/v2\/product_cat?post=1384"},{"taxonomy":"product_tag","embeddable":true,"href":"https:\/\/xn--trrfor-bya.no\/index.php\/wp-json\/wp\/v2\/product_tag?post=1384"}],"curies":[{"name":"wp","href":"https:\/\/api.w.org\/{rel}","templated":true}]}}