{"id":1383,"date":"2024-10-20T16:32:59","date_gmt":"2024-10-20T14:32:59","guid":{"rendered":"https:\/\/xn--trrfor-bya.no\/?post_type=product&#038;p=1383"},"modified":"2024-10-20T18:40:50","modified_gmt":"2024-10-20T16:40:50","slug":"provit-gobiten-boksemat-voksen-400g","status":"publish","type":"product","link":"https:\/\/xn--trrfor-bya.no\/index.php\/produkt\/provit-gobiten-boksemat-voksen-400g\/","title":{"rendered":"PROVIT Gobiten Boksemat Voksen 400g"},"content":{"rendered":"<p class=\"wp-block-paragraph\">Provit Voksen er et balansert fullf\u00f4r som egner seg for alle hunder. F\u00f4ret er sammensatt av norsk kj\u00f8tt fra flere proteinkilder &#8211; et sunt og variert kosthold fra en og samme boks. F\u00f4ret er kornfritt, inneholder gr\u00f8nnsaker og omega- 3 fra linfr\u00f8olje. Omega-3 fra linfr\u00f8olje st\u00f8tter leverens funksjon, og kan bidra til sunn pels, redusere irritasjon i hud og poter og kan i tillegg virke forebyggende mot hjerte- og karsykdommer. Provit Voksen egner seg ogs\u00e5 godt til sensitive hunder.&nbsp;<\/p><p class=\"wp-block-paragraph\">Voksen er et livsfaseprodukt fra Provit som er tilpasset alder og inneholder alt hunden din trenger for et sunt og godt liv.&nbsp;<\/p><p class=\"wp-block-paragraph\">Fyll gjerne hundens mat i aktiviseringsleker slik at den kan tygge, slikke og kose seg med maten over lengre tid. Tygging og slikking fremmer ro og er stressreduserende. Mange hunder elsker \u00e5 kose seg med maten p\u00e5 denne m\u00e5ten. P\u00e5 varme sommerdager kan du legge leken med mat i fryseren og deretter servere det til hunden fryst.<\/p><p class=\"wp-block-paragraph\"><strong>SAMMENSETNING:&nbsp;<\/strong><br>Ferskt kj\u00f8tt og innmat fra kylling, storfe og svin, vann, friske gr\u00f8nne erter, friske gulr\u00f8tter, linfr\u00f8olje, teknologiske tilsetninger.&nbsp;<\/p><p class=\"wp-block-paragraph\"><strong>TILSATT PR KILO:<\/strong><br>Vitamin D3&nbsp;450 IU, mangan fra mangansulfat 3 mg, sink fra sinkoksid 45 mg, jod fra kaliumjodid 0,375 mg.&nbsp;<\/p><p class=\"wp-block-paragraph\"><strong>N\u00c6RINGSINNHOLD:<\/strong><br>Protein 11%, fett 12%, aske 2%, fiber 0,4%, vann 68%, kalsium 0,5%, fosfor 0,3%<\/p><p class=\"wp-block-paragraph\">Energi (OE kcal\/kg) 1750.&nbsp;<\/p><p class=\"wp-block-paragraph\"><strong>HOL<\/strong><strong>DBARHET<\/strong>:<br>U\u00e5pnet boks i romtemperatur minimum 2 \u00e5r.&nbsp;\u00c5pnet boks 3-4 dager i kj\u00f8leskapet.&nbsp;<\/p><p class=\"wp-block-paragraph\"><strong>Om Provit:&nbsp;<\/strong>Provit er et kvalitetsf\u00f4r som kan bidra til bedre helse for hunden din. F\u00f4ret er produsert av overskuddet fra norske kj\u00f8ttr\u00e5varer, ved \u00e5 velge Provit bidrar du dermed ogs\u00e5 i kampen mot matsvinn.&nbsp;<br>Du kan med trygghet og god samvittighet gi hunden din Provit.&nbsp;<\/p>","protected":false},"excerpt":{"rendered":"<p>Provit Voksen er et balansert fullf\u00f4r som egner seg for alle hunder. F\u00f4ret er sammensatt av norsk kj\u00f8tt fra flere proteinkilder &#8211; et sunt og variert kosthold fra en og samme boks. F\u00f4ret er kornfritt, inneholder gr\u00f8nnsaker og omega- 3 fra linfr\u00f8olje. Omega-3 fra linfr\u00f8olje st\u00f8tter leverens funksjon, og kan bidra til sunn pels, redusere [&hellip;]<\/p>\n","protected":false},"featured_media":1400,"comment_status":"open","ping_status":"closed","template":"","meta":{"_crdt_document":""},"product_cat":[22,51],"product_tag":[],"class_list":{"0":"post-1383","1":"product","2":"type-product","3":"status-publish","4":"has-post-thumbnail","6":"product_cat-hund","7":"product_cat-vatfor","9":"first","10":"instock","11":"taxable","12":"shipping-taxable","13":"purchasable","14":"product-type-simple"},"supplier_id":null,"supplier_sku":"","barcode":null,"atum_controlled":true,"out_stock_date":null,"out_stock_threshold":null,"inheritable":false,"inbound_stock":null,"stock_on_hold":0,"sold_today":0,"sales_last_days":0,"reserved_stock":null,"customer_returns":null,"warehouse_damage":null,"lost_in_post":null,"other_logs":null,"out_stock_days":0,"lost_sales":0,"has_location":null,"update_date":"2026-04-18T17:36:54","atum_locations":[],"atum_stock_status":"instock","restock_status":false,"low_stock_amount":"","sales_update_date":"2026-04-18T17:36:54","calc_backorders":null,"_links":{"self":[{"href":"https:\/\/xn--trrfor-bya.no\/index.php\/wp-json\/wp\/v2\/product\/1383","targetHints":{"allow":["GET"]}}],"collection":[{"href":"https:\/\/xn--trrfor-bya.no\/index.php\/wp-json\/wp\/v2\/product"}],"about":[{"href":"https:\/\/xn--trrfor-bya.no\/index.php\/wp-json\/wp\/v2\/types\/product"}],"replies":[{"embeddable":true,"href":"https:\/\/xn--trrfor-bya.no\/index.php\/wp-json\/wp\/v2\/comments?post=1383"}],"wp:featuredmedia":[{"embeddable":true,"href":"https:\/\/xn--trrfor-bya.no\/index.php\/wp-json\/wp\/v2\/media\/1400"}],"wp:attachment":[{"href":"https:\/\/xn--trrfor-bya.no\/index.php\/wp-json\/wp\/v2\/media?parent=1383"}],"wp:term":[{"taxonomy":"product_cat","embeddable":true,"href":"https:\/\/xn--trrfor-bya.no\/index.php\/wp-json\/wp\/v2\/product_cat?post=1383"},{"taxonomy":"product_tag","embeddable":true,"href":"https:\/\/xn--trrfor-bya.no\/index.php\/wp-json\/wp\/v2\/product_tag?post=1383"}],"curies":[{"name":"wp","href":"https:\/\/api.w.org\/{rel}","templated":true}]}}