{"id":1380,"date":"2024-10-20T16:28:15","date_gmt":"2024-10-20T14:28:15","guid":{"rendered":"https:\/\/xn--trrfor-bya.no\/?post_type=product&#038;p=1380"},"modified":"2024-10-20T18:34:57","modified_gmt":"2024-10-20T16:34:57","slug":"happy-dog-soft-snack-africa-struts-100g","status":"publish","type":"product","link":"https:\/\/xn--trrfor-bya.no\/index.php\/produkt\/happy-dog-soft-snack-africa-struts-100g\/","title":{"rendered":"Happy Dog Soft Snack Africa (Struts) 100g"},"content":{"rendered":"<p class=\"wp-block-paragraph\">\u2022 Struts<br>\u2022 Anbefales ved matintoleranser<br>\u2022 Kornfri formel<br>\u2022 Ideell for sensitive hunder<\/p><p class=\"wp-block-paragraph\">Myke, kornfrie, deilige godbiter med struts.<br>Den&nbsp;hjerteformede, myke&nbsp;Africa-snacksen er ideell for \u00e5 skjemme bort din kj\u00e6re eller som en liten godbit innimellom. For en solid godbit kombinerer vi den sjeldne proteinkilden struts med glutenfrie poteter. V\u00e5r kornfrie oppskrift er perfekt skreddersydd for sensitive og krevende hunder&nbsp;og anbefales til og med av veterin\u00e6rer for matintoleranse. Vi s\u00f8rger ogs\u00e5 for at v\u00e5re snacks produseres uten tilsetning av sukker eller konserveringsmidler. Posene er gjenlukkbare, og holder snacksen ferskere lenger.&nbsp;<\/p><p class=\"wp-block-paragraph\"><strong>Innhold:<\/strong><br>Vegetabilske biprodukter, strutseprotein* (14%), potetprotein, hydrolysert lever, solsikkeolje, rapsolje, havsalt, gj\u00e6r* (ekstrakt) *t\u00f8rket<\/p><p class=\"wp-block-paragraph\"><strong>Analyse:<\/strong><br>R\u00e5protein 16,5 %, r\u00e5fett 4,5&nbsp;%, r\u00e5fiber 2,0&nbsp;%, r\u00e5aske 7,5&nbsp;%, fuktighet 14&nbsp;%<\/p>","protected":false},"excerpt":{"rendered":"<p>\u2022 Struts\u2022 Anbefales ved matintoleranser\u2022 Kornfri formel\u2022 Ideell for sensitive hunder Myke, kornfrie, deilige godbiter med struts.Den&nbsp;hjerteformede, myke&nbsp;Africa-snacksen er ideell for \u00e5 skjemme bort din kj\u00e6re eller som en liten godbit innimellom. For en solid godbit kombinerer vi den sjeldne proteinkilden struts med glutenfrie poteter. V\u00e5r kornfrie oppskrift er perfekt skreddersydd for sensitive og krevende [&hellip;]<\/p>\n","protected":false},"featured_media":1427,"comment_status":"open","ping_status":"closed","template":"","meta":{"_crdt_document":""},"product_cat":[22,26,27],"product_tag":[],"class_list":{"0":"post-1380","1":"product","2":"type-product","3":"status-publish","4":"has-post-thumbnail","6":"product_cat-hund","7":"product_cat-godbiter-og-tygg","8":"product_cat-godbiter","10":"first","11":"instock","12":"taxable","13":"shipping-taxable","14":"purchasable","15":"product-type-simple"},"supplier_id":null,"supplier_sku":"","barcode":null,"atum_controlled":true,"out_stock_date":null,"out_stock_threshold":null,"inheritable":false,"inbound_stock":null,"stock_on_hold":0,"sold_today":0,"sales_last_days":0,"reserved_stock":null,"customer_returns":null,"warehouse_damage":null,"lost_in_post":null,"other_logs":null,"out_stock_days":0,"lost_sales":0,"has_location":null,"update_date":"2026-04-18T17:36:54","atum_locations":[],"atum_stock_status":"instock","restock_status":false,"low_stock_amount":"","sales_update_date":"2026-04-18T17:36:54","calc_backorders":null,"_links":{"self":[{"href":"https:\/\/xn--trrfor-bya.no\/index.php\/wp-json\/wp\/v2\/product\/1380","targetHints":{"allow":["GET"]}}],"collection":[{"href":"https:\/\/xn--trrfor-bya.no\/index.php\/wp-json\/wp\/v2\/product"}],"about":[{"href":"https:\/\/xn--trrfor-bya.no\/index.php\/wp-json\/wp\/v2\/types\/product"}],"replies":[{"embeddable":true,"href":"https:\/\/xn--trrfor-bya.no\/index.php\/wp-json\/wp\/v2\/comments?post=1380"}],"wp:featuredmedia":[{"embeddable":true,"href":"https:\/\/xn--trrfor-bya.no\/index.php\/wp-json\/wp\/v2\/media\/1427"}],"wp:attachment":[{"href":"https:\/\/xn--trrfor-bya.no\/index.php\/wp-json\/wp\/v2\/media?parent=1380"}],"wp:term":[{"taxonomy":"product_cat","embeddable":true,"href":"https:\/\/xn--trrfor-bya.no\/index.php\/wp-json\/wp\/v2\/product_cat?post=1380"},{"taxonomy":"product_tag","embeddable":true,"href":"https:\/\/xn--trrfor-bya.no\/index.php\/wp-json\/wp\/v2\/product_tag?post=1380"}],"curies":[{"name":"wp","href":"https:\/\/api.w.org\/{rel}","templated":true}]}}