{"id":1372,"date":"2024-10-20T16:13:47","date_gmt":"2024-10-20T14:13:47","guid":{"rendered":"https:\/\/xn--trrfor-bya.no\/?post_type=product&#038;p=1372"},"modified":"2024-10-20T18:48:16","modified_gmt":"2024-10-20T16:48:16","slug":"happy-dog-soft-snack-mini-puppy-lam-100g","status":"publish","type":"product","link":"https:\/\/xn--trrfor-bya.no\/index.php\/produkt\/happy-dog-soft-snack-mini-puppy-lam-100g\/","title":{"rendered":"Happy Dog Soft Snack Mini Puppy (Lam) 100g"},"content":{"rendered":"<p class=\"wp-block-paragraph\">\u2022 Lam<br>\u2022 Spesielt velsmakende<br>\u2022 Lette \u00e5 dele opp<br>\u2022 Hvetefri formel<br>\u2022 Uten tilsatt sukker<\/p><p class=\"wp-block-paragraph\">Myke,&nbsp;deilige godbiter med lam til valper fra 6 ukers alder.<\/p><p class=\"wp-block-paragraph\"><strong>Innhold:<\/strong><br>Vegetabilske biprodukter*, lamme protein (13,5%), ris, kj\u00f8ttmel,&nbsp;maismel, risprotein*,&nbsp;solsikkeolje, hydrolisert protein*,&nbsp;kaliumklorid, gj\u00e6r*, natriumklorid, tang*, linfr\u00f8, musling kj\u00f8tt* (0,03%), gj\u00e6r* (ekstrakt)&nbsp;*t\u00f8rket<\/p><p class=\"wp-block-paragraph\"><strong>Analyse:<\/strong><br>R\u00e5protein 22&nbsp;%, r\u00e5fett 6&nbsp;%, r\u00e5fiber 1,5&nbsp;%, r\u00e5aske 8,5&nbsp;%, fuktighet 14&nbsp;%<\/p>","protected":false},"excerpt":{"rendered":"<p>\u2022 Lam\u2022 Spesielt velsmakende\u2022 Lette \u00e5 dele opp\u2022 Hvetefri formel\u2022 Uten tilsatt sukker Myke,&nbsp;deilige godbiter med lam til valper fra 6 ukers alder. Innhold:Vegetabilske biprodukter*, lamme protein (13,5%), ris, kj\u00f8ttmel,&nbsp;maismel, risprotein*,&nbsp;solsikkeolje, hydrolisert protein*,&nbsp;kaliumklorid, gj\u00e6r*, natriumklorid, tang*, linfr\u00f8, musling kj\u00f8tt* (0,03%), gj\u00e6r* (ekstrakt)&nbsp;*t\u00f8rket Analyse:R\u00e5protein 22&nbsp;%, r\u00e5fett 6&nbsp;%, r\u00e5fiber 1,5&nbsp;%, r\u00e5aske 8,5&nbsp;%, fuktighet 14&nbsp;%<\/p>\n","protected":false},"featured_media":1423,"comment_status":"open","ping_status":"closed","template":"","meta":{"_crdt_document":""},"product_cat":[22,26,27],"product_tag":[],"class_list":{"0":"post-1372","1":"product","2":"type-product","3":"status-publish","4":"has-post-thumbnail","6":"product_cat-hund","7":"product_cat-godbiter-og-tygg","8":"product_cat-godbiter","10":"first","11":"instock","12":"taxable","13":"shipping-taxable","14":"purchasable","15":"product-type-simple"},"supplier_id":null,"supplier_sku":"","barcode":null,"atum_controlled":true,"out_stock_date":null,"out_stock_threshold":null,"inheritable":false,"inbound_stock":null,"stock_on_hold":0,"sold_today":0,"sales_last_days":0,"reserved_stock":null,"customer_returns":null,"warehouse_damage":null,"lost_in_post":null,"other_logs":null,"out_stock_days":0,"lost_sales":0,"has_location":null,"update_date":"2026-04-18T17:36:54","atum_locations":[],"atum_stock_status":"instock","restock_status":false,"low_stock_amount":"","sales_update_date":"2026-04-18T17:36:54","calc_backorders":null,"_links":{"self":[{"href":"https:\/\/xn--trrfor-bya.no\/index.php\/wp-json\/wp\/v2\/product\/1372","targetHints":{"allow":["GET"]}}],"collection":[{"href":"https:\/\/xn--trrfor-bya.no\/index.php\/wp-json\/wp\/v2\/product"}],"about":[{"href":"https:\/\/xn--trrfor-bya.no\/index.php\/wp-json\/wp\/v2\/types\/product"}],"replies":[{"embeddable":true,"href":"https:\/\/xn--trrfor-bya.no\/index.php\/wp-json\/wp\/v2\/comments?post=1372"}],"wp:featuredmedia":[{"embeddable":true,"href":"https:\/\/xn--trrfor-bya.no\/index.php\/wp-json\/wp\/v2\/media\/1423"}],"wp:attachment":[{"href":"https:\/\/xn--trrfor-bya.no\/index.php\/wp-json\/wp\/v2\/media?parent=1372"}],"wp:term":[{"taxonomy":"product_cat","embeddable":true,"href":"https:\/\/xn--trrfor-bya.no\/index.php\/wp-json\/wp\/v2\/product_cat?post=1372"},{"taxonomy":"product_tag","embeddable":true,"href":"https:\/\/xn--trrfor-bya.no\/index.php\/wp-json\/wp\/v2\/product_tag?post=1372"}],"curies":[{"name":"wp","href":"https:\/\/api.w.org\/{rel}","templated":true}]}}