{"id":1370,"date":"2024-10-20T16:09:56","date_gmt":"2024-10-20T14:09:56","guid":{"rendered":"https:\/\/xn--trrfor-bya.no\/?post_type=product&#038;p=1370"},"modified":"2024-10-20T18:48:41","modified_gmt":"2024-10-20T16:48:41","slug":"happy-dog-soft-snack-sensible-puppy-junior","status":"publish","type":"product","link":"https:\/\/xn--trrfor-bya.no\/index.php\/produkt\/happy-dog-soft-snack-sensible-puppy-junior\/","title":{"rendered":"Happy Dog Soft Snack Sensible Puppy &#038; Junior"},"content":{"rendered":"<p class=\"wp-block-paragraph\">Den myke passformen til&nbsp;Puppy &amp; Junior snacken med lett ford\u00f8yelig lam og ris er ideell for sensitive valper og unghunder av mellomstore og store raser.&nbsp;<br><br>Hvis du vil begynne \u00e5 trene valpene, anbefaler vi \u00e5 bruke godbiter for \u00e5 motivere dem.&nbsp;For valper skal disse prim\u00e6rt v\u00e6re myke, lettford\u00f8yelige og sm\u00e5.&nbsp;Dette har den fordelen at treningen ikke m\u00e5 avbrytes fordi valpen din tygger p\u00e5 en stor, hard snack i lang tid.&nbsp;For eksempel, hvis du \u00f8nsker \u00e5 trene p\u00e5 \u00e5 g\u00e5 p\u00e5 &#8220;bakbena&#8221;, kan du bel\u00f8nne ham med den lille, myke passformen&nbsp;mens han g\u00e5r. Lett for mage og godt for sjelen.<br><br>Disse godbitene passer for valper fra 6 ukers alder og for unghunder opp til 18 m\u00e5neder.&nbsp;Etterp\u00e5, n\u00e5r din firbeinte venn er ferdig utvokst, kan du glede ham med v\u00e5re myke snacks for voksne hunder eller v\u00e5re kj\u00f8ttsnacks.<br><br><br><strong>Innhold:<\/strong><br>Vegetabilske biprodukter*, lammeprotein* (13,5%), ris (13%), greaves, maismel, mais, risprotein* (3,8%), solsikkeolje, hydrolysert protein*, kaliumklorid, gj\u00e6r*, natriumklorid , tang*, linfr\u00f8, bl\u00e5skjellkj\u00f8tt* (0,03%), gj\u00e6r* (ekstrahert)<\/p><p class=\"wp-block-paragraph\">*) t\u00f8rket<br><br><strong>Analyse:<\/strong><br>R\u00e5protein: 22,0%, R\u00e5fett: 6,0%, R\u00e5fiber: 1,5%, R\u00e5aske: 8,5%.<br><br><strong>Tilsettningsstoffer:<\/strong><br><strong>Vitaminer\/kg:<\/strong><br>Vitamin A (3a672a) 11500 IE, vitamin D3 (3a671) 600 IE, vitamin C (3a312) 20 mg<br><strong>Sporelementer\/kg:<\/strong><br>jern (3b103) 45 mg, kobber (3b405) 9 mg, sink (3b603, 3b606) 85 mg, mangan (3b502) 20 mg, jod (3b202) 2 mg, selen (3b801) 01.<br><strong>Aminosyrer\/kg:<\/strong><br>L-tryptofan (3c440) 600 mg<\/p><p class=\"wp-block-paragraph\">Antioksidant, tokoferolekstrakter fra vegetabilske oljer 1b306(i)<\/p>","protected":false},"excerpt":{"rendered":"<p>Den myke passformen til&nbsp;Puppy &amp; Junior snacken med lett ford\u00f8yelig lam og ris er ideell for sensitive valper og unghunder av mellomstore og store raser.&nbsp; Hvis du vil begynne \u00e5 trene valpene, anbefaler vi \u00e5 bruke godbiter for \u00e5 motivere dem.&nbsp;For valper skal disse prim\u00e6rt v\u00e6re myke, lettford\u00f8yelige og sm\u00e5.&nbsp;Dette har den fordelen at treningen [&hellip;]<\/p>\n","protected":false},"featured_media":1424,"comment_status":"open","ping_status":"closed","template":"","meta":{"_crdt_document":""},"product_cat":[22,26,27],"product_tag":[],"class_list":{"0":"post-1370","1":"product","2":"type-product","3":"status-publish","4":"has-post-thumbnail","6":"product_cat-hund","7":"product_cat-godbiter-og-tygg","8":"product_cat-godbiter","10":"first","11":"instock","12":"taxable","13":"shipping-taxable","14":"purchasable","15":"product-type-simple"},"supplier_id":null,"supplier_sku":"","barcode":null,"atum_controlled":true,"out_stock_date":null,"out_stock_threshold":null,"inheritable":false,"inbound_stock":null,"stock_on_hold":0,"sold_today":0,"sales_last_days":0,"reserved_stock":null,"customer_returns":null,"warehouse_damage":null,"lost_in_post":null,"other_logs":null,"out_stock_days":0,"lost_sales":0,"has_location":null,"update_date":"2026-04-18T17:36:54","atum_locations":[],"atum_stock_status":"instock","restock_status":false,"low_stock_amount":"","sales_update_date":"2026-04-18T17:36:54","calc_backorders":null,"_links":{"self":[{"href":"https:\/\/xn--trrfor-bya.no\/index.php\/wp-json\/wp\/v2\/product\/1370","targetHints":{"allow":["GET"]}}],"collection":[{"href":"https:\/\/xn--trrfor-bya.no\/index.php\/wp-json\/wp\/v2\/product"}],"about":[{"href":"https:\/\/xn--trrfor-bya.no\/index.php\/wp-json\/wp\/v2\/types\/product"}],"replies":[{"embeddable":true,"href":"https:\/\/xn--trrfor-bya.no\/index.php\/wp-json\/wp\/v2\/comments?post=1370"}],"wp:featuredmedia":[{"embeddable":true,"href":"https:\/\/xn--trrfor-bya.no\/index.php\/wp-json\/wp\/v2\/media\/1424"}],"wp:attachment":[{"href":"https:\/\/xn--trrfor-bya.no\/index.php\/wp-json\/wp\/v2\/media?parent=1370"}],"wp:term":[{"taxonomy":"product_cat","embeddable":true,"href":"https:\/\/xn--trrfor-bya.no\/index.php\/wp-json\/wp\/v2\/product_cat?post=1370"},{"taxonomy":"product_tag","embeddable":true,"href":"https:\/\/xn--trrfor-bya.no\/index.php\/wp-json\/wp\/v2\/product_tag?post=1370"}],"curies":[{"name":"wp","href":"https:\/\/api.w.org\/{rel}","templated":true}]}}