{"id":1368,"date":"2024-10-20T15:10:34","date_gmt":"2024-10-20T13:10:34","guid":{"rendered":"https:\/\/xn--trrfor-bya.no\/?post_type=product&#038;p=1368"},"modified":"2024-10-20T18:34:00","modified_gmt":"2024-10-20T16:34:00","slug":"provit-griseorer-10pk","status":"publish","type":"product","link":"https:\/\/xn--trrfor-bya.no\/index.php\/produkt\/provit-griseorer-10pk\/","title":{"rendered":"PROVIT Grise\u00f8rer 10pk"},"content":{"rendered":"<p class=\"wp-block-paragraph\">Provit Grise\u00f8rer er et 100% naturlig tygg til hunden. Grise\u00f8rene er luftt\u00f8rket, uten noen form for tilsetningsstoffer. Provit Grise\u00f8rer er produsert i Norge, fra norske r\u00e5varer og er et 100% rent naturprodukt. Dette er et naturlig alternativ til behandlede tyggebein. H\u00f8y kvalitet p\u00e5 r\u00e5varer gir god smakelighet, derfor er dette et popul\u00e6rt tygg til hunden. Grise\u00f8rer har kun 8% fett og kan derfor gis til hunden som ekstra kos, med god samvittighet.<\/p><p class=\"wp-block-paragraph\">Ved \u00e5 gi hunden din tygg jevnlig kan du forebygge dannelse av plakk og tannstein, og dermed bidra til bedre munn og tannhelse hos hunden. Tygging er ogs\u00e5 en ro fremmende og stressreduserende aktivitet for hunden.&nbsp;<\/p><p class=\"wp-block-paragraph\">Gis til hunden som kos, bel\u00f8nning, snack, tygg og tannpleie.<\/p><p class=\"wp-block-paragraph\">Produktet er egnet til alle hunder, uansett alder og st\u00f8rrelse. Hunden b\u00f8r ikke f\u00e5 mer enn ett \u00f8re pr. dag.<br>B\u00f8r ikke gis til hunder som sluker uten \u00e5 tygge. B\u00f8r alltid gis under tilsyn.&nbsp;&nbsp;<\/p><p class=\"wp-block-paragraph\"><strong>SAMMENSETNING:&nbsp;<\/strong><br>Luftt\u00f8rkede grise\u00f8rer fra norsk gris<\/p><p class=\"wp-block-paragraph\"><strong>N\u00c6RINGSINNHOLD:<\/strong><strong><em>&nbsp;<\/em><\/strong><br>Protein 72%, fett 8%,&nbsp;<\/p><p class=\"wp-block-paragraph\"><strong>HOLDBARHET:<\/strong><br>Se datostempling p\u00e5 posen.<\/p><p class=\"wp-block-paragraph\"><strong>Om Provit:&nbsp;<\/strong>Provit er et kvalitetsf\u00f4r som kan bidra til bedre helse for hunden din. F\u00f4ret er produsert av overskuddet fra norske kj\u00f8ttr\u00e5varer, ved \u00e5 velge Provit bidrar du dermed ogs\u00e5 i kampen mot matsvinn.&nbsp;<br>Du kan med trygghet og god samvittighet gi hunden din Provit.&nbsp;<\/p>","protected":false},"excerpt":{"rendered":"<p>Provit Grise\u00f8rer er et 100% naturlig tygg til hunden. Grise\u00f8rene er luftt\u00f8rket, uten noen form for tilsetningsstoffer. Provit Grise\u00f8rer er produsert i Norge, fra norske r\u00e5varer og er et 100% rent naturprodukt. Dette er et naturlig alternativ til behandlede tyggebein. H\u00f8y kvalitet p\u00e5 r\u00e5varer gir god smakelighet, derfor er dette et popul\u00e6rt tygg til hunden. [&hellip;]<\/p>\n","protected":false},"featured_media":1369,"comment_status":"open","ping_status":"closed","template":"","meta":{"_crdt_document":""},"product_cat":[22,26,50],"product_tag":[],"class_list":{"0":"post-1368","1":"product","2":"type-product","3":"status-publish","4":"has-post-thumbnail","6":"product_cat-hund","7":"product_cat-godbiter-og-tygg","8":"product_cat-tygg","10":"first","11":"instock","12":"taxable","13":"shipping-taxable","14":"purchasable","15":"product-type-simple"},"supplier_id":null,"supplier_sku":"","barcode":null,"atum_controlled":true,"out_stock_date":null,"out_stock_threshold":null,"inheritable":false,"inbound_stock":0,"stock_on_hold":0,"sold_today":0,"sales_last_days":0,"reserved_stock":0,"customer_returns":0,"warehouse_damage":0,"lost_in_post":0,"other_logs":0,"out_stock_days":0,"lost_sales":0,"has_location":false,"update_date":"2026-04-18T17:36:54","atum_locations":[],"atum_stock_status":"instock","restock_status":false,"low_stock_amount":"","sales_update_date":"2026-04-18T17:36:54","calc_backorders":null,"_links":{"self":[{"href":"https:\/\/xn--trrfor-bya.no\/index.php\/wp-json\/wp\/v2\/product\/1368","targetHints":{"allow":["GET"]}}],"collection":[{"href":"https:\/\/xn--trrfor-bya.no\/index.php\/wp-json\/wp\/v2\/product"}],"about":[{"href":"https:\/\/xn--trrfor-bya.no\/index.php\/wp-json\/wp\/v2\/types\/product"}],"replies":[{"embeddable":true,"href":"https:\/\/xn--trrfor-bya.no\/index.php\/wp-json\/wp\/v2\/comments?post=1368"}],"wp:featuredmedia":[{"embeddable":true,"href":"https:\/\/xn--trrfor-bya.no\/index.php\/wp-json\/wp\/v2\/media\/1369"}],"wp:attachment":[{"href":"https:\/\/xn--trrfor-bya.no\/index.php\/wp-json\/wp\/v2\/media?parent=1368"}],"wp:term":[{"taxonomy":"product_cat","embeddable":true,"href":"https:\/\/xn--trrfor-bya.no\/index.php\/wp-json\/wp\/v2\/product_cat?post=1368"},{"taxonomy":"product_tag","embeddable":true,"href":"https:\/\/xn--trrfor-bya.no\/index.php\/wp-json\/wp\/v2\/product_tag?post=1368"}],"curies":[{"name":"wp","href":"https:\/\/api.w.org\/{rel}","templated":true}]}}