{"id":1365,"date":"2024-10-20T14:46:13","date_gmt":"2024-10-20T12:46:13","guid":{"rendered":"https:\/\/xn--trrfor-bya.no\/?post_type=product&#038;p=1365"},"modified":"2024-10-20T14:52:49","modified_gmt":"2024-10-20T12:52:49","slug":"kobbel-be-nordic-1m-o13mm","status":"publish","type":"product","link":"https:\/\/xn--trrfor-bya.no\/index.php\/produkt\/kobbel-be-nordic-1m-o13mm\/","title":{"rendered":"Kobbel BE NORDIC 1m \u00d813mm"},"content":{"rendered":"<p class=\"wp-block-paragraph\">\u2022 Tau, vevd<br>\u2022 Med hurtigl\u00e5s krok<\/p><p class=\"wp-block-paragraph\">Den spesielle hurtigl\u00e5s kroken er lett \u00e5 klipse av med en h\u00e5nd, den fungerer optimalt selv om den kommer i kontakt med sand, m\u00f8kk eller lignende.<\/p><p class=\"wp-block-paragraph\">Trixie st\u00f8tter maritime beskyttelsesprosjekter fra salget av serien BE NORDIC. De donerer \u20ac 15 000 for \u00e5 hente tapte fiskenett i \u00d8stersj\u00f8en utenfor \u00f8yene Fehmarn og R\u00fcgen.<\/p><p class=\"wp-block-paragraph\">Fiskeutstyr, avfall og tapte garn i v\u00e5re hav har et stort antall med ofre. Disse tapte fiskenettene f\u00f8rer til s\u00e5kalt &#8220;sp\u00f8kelsesfiske&#8221;. Fisken som blir fanget d\u00f8r og tiltrekker seg andre dyr som blir fanget i samme nett. Sp\u00f8kelsesnett har blitt en d\u00f8delig felle. Ansl\u00e5tt antall er at 640 000 tonn sp\u00f8kelsesnett dreper mer enn 136 000 sel, sj\u00f8l\u00f8ver og hval hvert \u00e5r, samt millioner av fugler, skilpadder og fisk i tillegg til det.<\/p><p class=\"wp-block-paragraph\">Ghost Fishing er et internasjonalt non-profit fundament som samarbeider over hele verden med tekniske dykkere og ulike selskaper som resirkulerer avfall.<br>Teamet som utelukkende best\u00e5r av frivillige dykkere har v\u00e6rt aktive i mange land rundt om i verden i mer enn 10 \u00e5r. Deres felles oppdrag er \u00e5 redusere antall d\u00f8delige sp\u00f8kelsesnett i havene og \u00e5 samle avfall.<\/p><p class=\"wp-block-paragraph\">Dykkene finner sted i mai og juni 2019 sammen med Delfinforeningen (Gesellschaft zur Rettung der Delphine e.V.) og TRIXIE som hovedsponsor.<\/p><p class=\"wp-block-paragraph\"><\/p>","protected":false},"excerpt":{"rendered":"<p>\u2022 Tau, vevd\u2022 Med hurtigl\u00e5s krok Den spesielle hurtigl\u00e5s kroken er lett \u00e5 klipse av med en h\u00e5nd, den fungerer optimalt selv om den kommer i kontakt med sand, m\u00f8kk eller lignende. Trixie st\u00f8tter maritime beskyttelsesprosjekter fra salget av serien BE NORDIC. De donerer \u20ac 15 000 for \u00e5 hente tapte fiskenett i \u00d8stersj\u00f8en utenfor [&hellip;]<\/p>\n","protected":false},"featured_media":1367,"comment_status":"open","ping_status":"closed","template":"","meta":{"_crdt_document":""},"product_cat":[22,55],"product_tag":[],"class_list":{"0":"post-1365","1":"product","2":"type-product","3":"status-publish","4":"has-post-thumbnail","6":"product_cat-hund","7":"product_cat-kobbelogband","9":"first","10":"instock","11":"taxable","12":"shipping-taxable","13":"purchasable","14":"product-type-simple"},"supplier_id":null,"supplier_sku":"","barcode":null,"atum_controlled":true,"out_stock_date":null,"out_stock_threshold":null,"inheritable":false,"inbound_stock":0,"stock_on_hold":0,"sold_today":0,"sales_last_days":0,"reserved_stock":0,"customer_returns":0,"warehouse_damage":0,"lost_in_post":0,"other_logs":0,"out_stock_days":0,"lost_sales":0,"has_location":false,"update_date":"2026-04-18T17:36:54","atum_locations":[],"atum_stock_status":"instock","restock_status":false,"low_stock_amount":"","sales_update_date":"2026-04-18T17:36:54","calc_backorders":null,"_links":{"self":[{"href":"https:\/\/xn--trrfor-bya.no\/index.php\/wp-json\/wp\/v2\/product\/1365","targetHints":{"allow":["GET"]}}],"collection":[{"href":"https:\/\/xn--trrfor-bya.no\/index.php\/wp-json\/wp\/v2\/product"}],"about":[{"href":"https:\/\/xn--trrfor-bya.no\/index.php\/wp-json\/wp\/v2\/types\/product"}],"replies":[{"embeddable":true,"href":"https:\/\/xn--trrfor-bya.no\/index.php\/wp-json\/wp\/v2\/comments?post=1365"}],"wp:featuredmedia":[{"embeddable":true,"href":"https:\/\/xn--trrfor-bya.no\/index.php\/wp-json\/wp\/v2\/media\/1367"}],"wp:attachment":[{"href":"https:\/\/xn--trrfor-bya.no\/index.php\/wp-json\/wp\/v2\/media?parent=1365"}],"wp:term":[{"taxonomy":"product_cat","embeddable":true,"href":"https:\/\/xn--trrfor-bya.no\/index.php\/wp-json\/wp\/v2\/product_cat?post=1365"},{"taxonomy":"product_tag","embeddable":true,"href":"https:\/\/xn--trrfor-bya.no\/index.php\/wp-json\/wp\/v2\/product_tag?post=1365"}],"curies":[{"name":"wp","href":"https:\/\/api.w.org\/{rel}","templated":true}]}}