{"id":1344,"date":"2024-10-19T21:02:55","date_gmt":"2024-10-19T19:02:55","guid":{"rendered":"https:\/\/xn--trrfor-bya.no\/?post_type=product&#038;p=1344"},"modified":"2024-10-20T15:06:39","modified_gmt":"2024-10-20T13:06:39","slug":"provit-frysetorket-sei-40g","status":"publish","type":"product","link":"https:\/\/xn--trrfor-bya.no\/index.php\/produkt\/provit-frysetorket-sei-40g\/","title":{"rendered":"PROVIT Fryset\u00f8rket Sei 40g"},"content":{"rendered":"<p class=\"wp-block-paragraph\">Provit Go&#8217;biten&nbsp;<br>\u2013 Verdens eneste godbit uten kunstige tilsetningstoffer?<br>Norske r\u00e5varer&nbsp;<br>Provit Go\u2019biten er et helnorsk produkt. R\u00e5varene er hentet fra&nbsp;<br>norske slakterier under streng kvalitets- og veterin\u00e6rkontroll.&nbsp;<br>De ferdige godbitene produseres og pakkes p\u00e5 Norsk Dyremat AS&nbsp;<br>sitt anlegg p\u00e5 utenfor Kristiansund.&nbsp;<br>Fryset\u00f8rket = Uten E-stoffer&nbsp;<br>Det er til sammen 7 varianter av Provit Go\u2019biten;&nbsp;<br>Lever, Storfekj\u00f8tt, Storfevom, Kalkun, Reinsdyr, Sei Hund og Sei Katt.&nbsp;<br>Felles for alle smakene er at de er fryset\u00f8rket.<br>Fryset\u00f8rking gj\u00f8r at de ferdige produktene har lang holdbarhet i romtemperatur,&nbsp;<br>uten \u00e5 tilsette stoffer i maten som konserverer og utsetter naturens gang.&nbsp;<br>N\u00e5r en r\u00e5vare fryset\u00f8rkes s\u00e5 trekkes nesten all fuktighet ut av produktet og&nbsp;<br>man sitter igjen med et \u201ckomprimert\u201d n\u00e6ringsinnhold uten \u00e5 g\u00e5 p\u00e5 bekostning av smak.&nbsp;<br>N\u00e5r vannet er trukket ut, blir produkt ogs\u00e5 lett. Provit Go\u2019biten veier kun \u00bc&nbsp;<br>av r\u00e5varens vekt, dvs at en pose p\u00e5 50 gram inneholder 200gram r\u00e5varer uten vann.&nbsp;<br>De forskjellig smakene benyttes mest som bel\u00f8nning og godbit,&nbsp;<br>men husk at dette er 100% rene norske r\u00e5varer som godt kan brukes i hundematen som smakstilsetning.&nbsp;<br>Pr\u00f8v selv og finn din hunds favoritt!<\/p><p class=\"wp-block-paragraph\"><strong>Innhold:<\/strong><br>Sei: 100%<\/p><p class=\"wp-block-paragraph\"><strong>Analyse:<\/strong><br>R\u00e5 protein: 87,3, r\u00e5 fett: 3%, fuktighet: 0,5%<\/p>","protected":false},"excerpt":{"rendered":"<p>Provit Go&#8217;biten&nbsp;\u2013 Verdens eneste godbit uten kunstige tilsetningstoffer?Norske r\u00e5varer&nbsp;Provit Go\u2019biten er et helnorsk produkt. R\u00e5varene er hentet fra&nbsp;norske slakterier under streng kvalitets- og veterin\u00e6rkontroll.&nbsp;De ferdige godbitene produseres og pakkes p\u00e5 Norsk Dyremat AS&nbsp;sitt anlegg p\u00e5 utenfor Kristiansund.&nbsp;Fryset\u00f8rket = Uten E-stoffer&nbsp;Det er til sammen 7 varianter av Provit Go\u2019biten;&nbsp;Lever, Storfekj\u00f8tt, Storfevom, Kalkun, Reinsdyr, Sei Hund og [&hellip;]<\/p>\n","protected":false},"featured_media":1346,"comment_status":"open","ping_status":"closed","template":"","meta":{"_crdt_document":""},"product_cat":[22,26,27],"product_tag":[],"class_list":{"0":"post-1344","1":"product","2":"type-product","3":"status-publish","4":"has-post-thumbnail","6":"product_cat-hund","7":"product_cat-godbiter-og-tygg","8":"product_cat-godbiter","10":"first","11":"instock","12":"taxable","13":"shipping-taxable","14":"purchasable","15":"product-type-simple"},"supplier_id":null,"supplier_sku":"","barcode":null,"atum_controlled":true,"out_stock_date":null,"out_stock_threshold":null,"inheritable":false,"inbound_stock":0,"stock_on_hold":0,"sold_today":0,"sales_last_days":0,"reserved_stock":0,"customer_returns":0,"warehouse_damage":0,"lost_in_post":0,"other_logs":0,"out_stock_days":0,"lost_sales":0,"has_location":false,"update_date":"2026-04-18T17:36:54","atum_locations":[],"atum_stock_status":"instock","restock_status":false,"low_stock_amount":"","sales_update_date":"2026-04-18T17:36:54","calc_backorders":null,"_links":{"self":[{"href":"https:\/\/xn--trrfor-bya.no\/index.php\/wp-json\/wp\/v2\/product\/1344","targetHints":{"allow":["GET"]}}],"collection":[{"href":"https:\/\/xn--trrfor-bya.no\/index.php\/wp-json\/wp\/v2\/product"}],"about":[{"href":"https:\/\/xn--trrfor-bya.no\/index.php\/wp-json\/wp\/v2\/types\/product"}],"replies":[{"embeddable":true,"href":"https:\/\/xn--trrfor-bya.no\/index.php\/wp-json\/wp\/v2\/comments?post=1344"}],"wp:featuredmedia":[{"embeddable":true,"href":"https:\/\/xn--trrfor-bya.no\/index.php\/wp-json\/wp\/v2\/media\/1346"}],"wp:attachment":[{"href":"https:\/\/xn--trrfor-bya.no\/index.php\/wp-json\/wp\/v2\/media?parent=1344"}],"wp:term":[{"taxonomy":"product_cat","embeddable":true,"href":"https:\/\/xn--trrfor-bya.no\/index.php\/wp-json\/wp\/v2\/product_cat?post=1344"},{"taxonomy":"product_tag","embeddable":true,"href":"https:\/\/xn--trrfor-bya.no\/index.php\/wp-json\/wp\/v2\/product_tag?post=1344"}],"curies":[{"name":"wp","href":"https:\/\/api.w.org\/{rel}","templated":true}]}}