{"id":1086,"date":"2024-09-18T14:31:34","date_gmt":"2024-09-18T14:31:34","guid":{"rendered":"https:\/\/testtorr.no\/?post_type=product&#038;p=1086"},"modified":"2024-10-20T13:33:27","modified_gmt":"2024-10-20T11:33:27","slug":"happy-dog-sensible-mini-francem-and-og-potet","status":"publish","type":"product","link":"https:\/\/xn--trrfor-bya.no\/index.php\/produkt\/happy-dog-sensible-mini-francem-and-og-potet\/","title":{"rendered":"Happy Dog Sensible, Mini FranceM\/And og Potet"},"content":{"rendered":"<p>\u2022 Kornfri formel<\/p>\n<p>\u2022 Monoprotein<\/p>\n<p>\u2022 Anbefales ved matintoleranser<\/p>\n<p>\u2022 Ideell for sensitive hunder<\/p>\n<p>Kornfri fullf\u00f4r med and for matsensitive hunder.<\/p>\n<p>Vil du skjemme bort din firbeinte venn med noe helt spesielt? Eller har du en ern\u00e6ringssensitiv pelsnese hjemme som har en tendens til \u00e5 ha ford\u00f8yelsesproblemer? Fin gourmet and som eneste kilde til animalsk protein og glutenfrie poteter gleder selv den mest f\u00f8lsomme hund. Poteter inneholder ikke gluten og passer for dyr med kornintoleranse. And som en sjelden og eksklusiv proteinkilde er preget av optimal toleranse. Verdifulle omega-3 og omega-6 fettsyrer &#8211; viktig for sunn hud og en skinnende pels &#8211; avrunder den eksklusive oppskriften. Dette gj\u00f8r Supreme Sensible France til et balansert og ideelt f\u00f8rsteklasses t\u00f8rrf\u00f4r for hunder med allergier og matintoleranse. Det usedvanlig smakfulle superpremium fullf\u00f4ret Happy Dog France er ogs\u00e5 ideell for alle krevende, voksne hunder fra 11 kg som er ute etter variasjon eller er veldig kresne.<\/p>\n<p><strong>Innhold:<\/strong><\/p>\n<p>Potet*, andeprotein* (23%), solsikkeolje, betemelassemasse* (avsukket), leverhydrolysat, eplerester*, rapsolje, natriumklorid, gj\u00e6r* (ekstrahert) *) t\u00f8rket<\/p>\n<p><strong>Analyse:<\/strong><\/p>\n<p>R\u00e5protein 20,0 %, r\u00e5fett 10,0 %, r\u00e5fiber 3,0 %, r\u00e5aske 7,0\u00a0%, kalsium 1,25 %, fosfor 0,8 %, natrium 0,35 %, kalium 0,95 %, magnesium 0 ,1 %, omega-6 fettsyrer 5 %, 3 omega-3 fettsyrer 0,4 %<\/p>\n<p><strong>Tilsetningsstoffer:<\/strong><\/p>\n<p>Vitaminer\/kg: vitamin A (3a672a) 15000 IE, vitamin D3 (3a671) 900 IE, vitamin E (all rac-alfa-tokoferylacetat 3a700) 110 mg, vitamin B1 (tiaminmononitrat 3a821) 4 mg, vitamin B3i (vitamin 82 ariboflavini ) 4 mg, vitamin B6 (pyridoksinhydroklorid 3a831) 4 mg, biotin (3a880) 430 mcg, kalsium D-pantotenat (3a841) 10 mg, niacin (3a314) 45 mg, vitamin B12 65 mcg<\/p>\n<p>Sporelementerjern\/kg: Jern (II) sulfatmonohydrat 3b103) 70 mg, kobber (kobber(II) sulfatpentahydrat 3b405) 13 mg, sink (sinkoksid 3b603) 85 mg, mangan (mangan(II)oksid 3b502) 16 mg, kalciumanhydrojod(kalsiumjod) 3b202) 1,6 mg, selen (natriumselenitt 3b801) 0,25 mg aminosyrer\/kg: DL-metionin (3c301) 3500 mg Antioksidanter, tokoferolekstrakter fra vegetabilske oljer 1b306(i)<\/p>\n","protected":false},"excerpt":{"rendered":"<p>\u2022 Kornfri formel \u2022 Monoprotein \u2022 Anbefales ved matintoleranser \u2022 Ideell for sensitive hunder Kornfri fullf\u00f4r med and for matsensitive hunder. Vil du skjemme bort din firbeinte venn med noe helt spesielt? Eller har du en ern\u00e6ringssensitiv pelsnese hjemme som har en tendens til \u00e5 ha ford\u00f8yelsesproblemer? Fin gourmet and som eneste kilde til animalsk [&hellip;]<\/p>\n","protected":false},"featured_media":1087,"comment_status":"open","ping_status":"closed","template":"","meta":{"_crdt_document":""},"product_cat":[22,23,46,49],"product_tag":[],"class_list":{"0":"post-1086","1":"product","2":"type-product","3":"status-publish","4":"has-post-thumbnail","6":"product_cat-hund","7":"product_cat-torrfor-hund","8":"product_cat-46","9":"product_cat-hdmini","11":"first","12":"instock","13":"taxable","14":"shipping-taxable","15":"purchasable","16":"product-type-variable"},"supplier_id":null,"supplier_sku":"","barcode":null,"atum_controlled":true,"out_stock_date":null,"out_stock_threshold":null,"inheritable":true,"inbound_stock":0,"stock_on_hold":0,"sold_today":0,"sales_last_days":0,"reserved_stock":0,"customer_returns":0,"warehouse_damage":0,"lost_in_post":0,"other_logs":0,"out_stock_days":0,"lost_sales":0,"has_location":false,"update_date":"2026-04-18T17:36:54","atum_locations":[],"atum_stock_status":"instock","restock_status":false,"low_stock_amount":"","sales_update_date":"2026-04-18T17:36:54","calc_backorders":0,"_links":{"self":[{"href":"https:\/\/xn--trrfor-bya.no\/index.php\/wp-json\/wp\/v2\/product\/1086","targetHints":{"allow":["GET"]}}],"collection":[{"href":"https:\/\/xn--trrfor-bya.no\/index.php\/wp-json\/wp\/v2\/product"}],"about":[{"href":"https:\/\/xn--trrfor-bya.no\/index.php\/wp-json\/wp\/v2\/types\/product"}],"replies":[{"embeddable":true,"href":"https:\/\/xn--trrfor-bya.no\/index.php\/wp-json\/wp\/v2\/comments?post=1086"}],"wp:featuredmedia":[{"embeddable":true,"href":"https:\/\/xn--trrfor-bya.no\/index.php\/wp-json\/wp\/v2\/media\/1087"}],"wp:attachment":[{"href":"https:\/\/xn--trrfor-bya.no\/index.php\/wp-json\/wp\/v2\/media?parent=1086"}],"wp:term":[{"taxonomy":"product_cat","embeddable":true,"href":"https:\/\/xn--trrfor-bya.no\/index.php\/wp-json\/wp\/v2\/product_cat?post=1086"},{"taxonomy":"product_tag","embeddable":true,"href":"https:\/\/xn--trrfor-bya.no\/index.php\/wp-json\/wp\/v2\/product_tag?post=1086"}],"curies":[{"name":"wp","href":"https:\/\/api.w.org\/{rel}","templated":true}]}}